{"id":139,"date":"2023-01-24T21:15:45","date_gmt":"2023-01-24T20:15:45","guid":{"rendered":"https:\/\/www.dfa.ma\/msteel\/?page_id=139"},"modified":"2023-09-20T10:20:28","modified_gmt":"2023-09-20T09:20:28","slug":"notre-histoire","status":"publish","type":"page","link":"https:\/\/www.dfa.ma\/msteel\/qui-nous-sommes\/notre-histoire\/","title":{"rendered":"Notre histoire"},"content":{"rendered":"\n<div class=\"wp-block-group is-layout-constrained\"><div class=\"wp-block-group__inner-container\">\n<div class=\"wp-block-columns are-vertically-aligned-center is-layout-flex wp-container-2\">\n<div class=\"wp-block-column is-vertically-aligned-center is-layout-flow\" style=\"flex-basis:100%\">\n<p>En 1988, Maghreb Tubes lance une premi\u00e8re ligne de galvanisation, agrandie en 1994 puis en 1999 pour atteindre successivement le double, puis le triple de sa capacit\u00e9 initiale.<\/p>\n\n\n\n<p>En 2000 que Maghreb Tubes devient Maghreb Steel, en m\u00eame temps qu\u2019est r\u00e9alis\u00e9 l\u2019investissement dans le complexe de laminage \u00e0 froid de Tit Mellil, inaugur\u00e9 en 2001 par Sa Majest\u00e9 le Roi Mohamed VI. En 2003, la capacit\u00e9 de galvanisation est doubl\u00e9e, ainsi que celle de laminage \u00e0 froid, par l\u2019installation de nouvelles lignes de production.<\/p>\n\n\n\n<p>En 2007, Sa Majest\u00e9 le Roi Mohamed VI pose la premi\u00e8re pierre du complexe de laminage \u00e0 chaud de Bled Solb. D\u2019une capacit\u00e9 d\u2019un million de tonnes par an, le laminoir \u00e0 chaud de bobines d\u00e9marre sa production en 2010. En 2011, c\u2019est au tour de l\u2019aci\u00e9rie, d\u2019une capacit\u00e9 annuelle d\u2019un million de tonnes, d\u2019\u00eatre lanc\u00e9e.<\/p>\n\n\n\n<p>En 2012, le complexe sid\u00e9rurgique de Bled Solb, s\u2019\u00e9tendant sur un terrain de soixante-deux hectares et compos\u00e9 d\u2019un broyeur de ferraille, d\u2019une aci\u00e9rie et de deux laminoirs \u00e0 chaud \u2013 bobines et t\u00f4le forte \u2013 est inaugur\u00e9 par Sa Majest\u00e9 le Roi Mohamed VI.<\/p>\n<\/div>\n<\/div>\n<\/div><\/div>\n","protected":false},"excerpt":{"rendered":"<p>En 1988, Maghreb Tubes lance une premi\u00e8re ligne de galvanisation, agrandie en 1994 puis en 1999 pour atteindre [&hellip;]<\/p>\n","protected":false},"author":1,"featured_media":802,"parent":137,"menu_order":0,"comment_status":"closed","ping_status":"closed","template":"page-notre-histoire.php","meta":{"inline_featured_image":false},"acf":[],"_links":{"self":[{"href":"https:\/\/www.dfa.ma\/msteel\/wp-json\/wp\/v2\/pages\/139"}],"collection":[{"href":"https:\/\/www.dfa.ma\/msteel\/wp-json\/wp\/v2\/pages"}],"about":[{"href":"https:\/\/www.dfa.ma\/msteel\/wp-json\/wp\/v2\/types\/page"}],"author":[{"embeddable":true,"href":"https:\/\/www.dfa.ma\/msteel\/wp-json\/wp\/v2\/users\/1"}],"replies":[{"embeddable":true,"href":"https:\/\/www.dfa.ma\/msteel\/wp-json\/wp\/v2\/comments?post=139"}],"version-history":[{"count":15,"href":"https:\/\/www.dfa.ma\/msteel\/wp-json\/wp\/v2\/pages\/139\/revisions"}],"predecessor-version":[{"id":952,"href":"https:\/\/www.dfa.ma\/msteel\/wp-json\/wp\/v2\/pages\/139\/revisions\/952"}],"up":[{"embeddable":true,"href":"https:\/\/www.dfa.ma\/msteel\/wp-json\/wp\/v2\/pages\/137"}],"wp:featuredmedia":[{"embeddable":true,"href":"https:\/\/www.dfa.ma\/msteel\/wp-json\/wp\/v2\/media\/802"}],"wp:attachment":[{"href":"https:\/\/www.dfa.ma\/msteel\/wp-json\/wp\/v2\/media?parent=139"}],"curies":[{"name":"wp","href":"https:\/\/api.w.org\/{rel}","templated":true}]}}