{"id":157,"date":"2023-01-24T22:51:17","date_gmt":"2023-01-24T21:51:17","guid":{"rendered":"https:\/\/www.dfa.ma\/msteel\/?page_id=157"},"modified":"2023-01-31T11:17:08","modified_gmt":"2023-01-31T10:17:08","slug":"nos-valeurs","status":"publish","type":"page","link":"https:\/\/www.dfa.ma\/msteel\/qui-nous-sommes\/nos-valeurs\/","title":{"rendered":"Nos valeurs"},"content":{"rendered":"\n<h4 class=\"wp-block-heading\">Le syst\u00e8me de valeurs de Maghreb Steel a \u00e9t\u00e9 construit tout au long de son histoire et repose sur des qualit\u00e9s humaines sans lesquelles nous sommes convaincus qu\u2019il ne peut y avoir de performance globale.<\/h4>\n\n\n\n<hr class=\"wp-block-separator has-alpha-channel-opacity is-style-wide\"\/>\n\n\n\n<div class=\"wp-block-columns is-layout-flex wp-container-3\">\n<div class=\"wp-block-column is-vertically-aligned-center is-layout-flow\" style=\"flex-basis:40%\"><div class=\"wp-block-image\">\n<figure class=\"aligncenter size-large\"><img decoding=\"async\" loading=\"lazy\" width=\"930\" height=\"1024\" src=\"https:\/\/www.dfa.ma\/msteel\/wp-content\/uploads\/2023\/01\/schema-valeurs-930x1024.png\" alt=\"\" class=\"wp-image-341\" srcset=\"https:\/\/www.dfa.ma\/msteel\/wp-content\/uploads\/2023\/01\/schema-valeurs-930x1024.png 930w, https:\/\/www.dfa.ma\/msteel\/wp-content\/uploads\/2023\/01\/schema-valeurs-273x300.png 273w, https:\/\/www.dfa.ma\/msteel\/wp-content\/uploads\/2023\/01\/schema-valeurs-768x845.png 768w, https:\/\/www.dfa.ma\/msteel\/wp-content\/uploads\/2023\/01\/schema-valeurs.png 1200w\" sizes=\"(max-width: 930px) 100vw, 930px\" \/><\/figure><\/div><\/div>\n\n\n\n<div class=\"wp-block-column is-vertically-aligned-center is-layout-flow\">\n<p>Ces valeurs constituent l\u2019ossature des relations interpersonnelles qui r\u00e9gissent la vie au sein de notre entreprise. Elles sont port\u00e9es avec fiert\u00e9, jour apr\u00e8s jour, par chacun d\u2019entre nous et forment le socle sur lequel repose notre succ\u00e8s commun.<\/p>\n\n\n\n<p>\u00ab Nous sommes anim\u00e9s par une grande ambition commune. Nous visons l\u2019excellence par la recherche permanente de la performance et par la mobilisation de <u>l\u2019intelligence collective<\/u>. Nous menons notre mission dans <u>la transparence <\/u>et avec rigueur. Nous r\u00e9ussirons en tant qu\u2019acteur principal de l\u2019industrie nationale et comme une entreprise citoyenne gr\u00e2ce aux sens de <u>responsabilit\u00e9 et d\u2019engagemen<\/u>t de chacun de nos collaborateurs dont nous valorisons le m\u00e9rite et que nous traitons avec <u>respect<\/u> et <u>\u00e9quit\u00e9.<\/u>&nbsp;\u00bb<\/p>\n<\/div>\n<\/div>\n","protected":false},"excerpt":{"rendered":"<p>Le syst\u00e8me de valeurs de Maghreb Steel a \u00e9t\u00e9 construit tout au long de son histoire et repose [&hellip;]<\/p>\n","protected":false},"author":1,"featured_media":56,"parent":137,"menu_order":0,"comment_status":"closed","ping_status":"closed","template":"","meta":{"inline_featured_image":false},"acf":[],"_links":{"self":[{"href":"https:\/\/www.dfa.ma\/msteel\/wp-json\/wp\/v2\/pages\/157"}],"collection":[{"href":"https:\/\/www.dfa.ma\/msteel\/wp-json\/wp\/v2\/pages"}],"about":[{"href":"https:\/\/www.dfa.ma\/msteel\/wp-json\/wp\/v2\/types\/page"}],"author":[{"embeddable":true,"href":"https:\/\/www.dfa.ma\/msteel\/wp-json\/wp\/v2\/users\/1"}],"replies":[{"embeddable":true,"href":"https:\/\/www.dfa.ma\/msteel\/wp-json\/wp\/v2\/comments?post=157"}],"version-history":[{"count":10,"href":"https:\/\/www.dfa.ma\/msteel\/wp-json\/wp\/v2\/pages\/157\/revisions"}],"predecessor-version":[{"id":348,"href":"https:\/\/www.dfa.ma\/msteel\/wp-json\/wp\/v2\/pages\/157\/revisions\/348"}],"up":[{"embeddable":true,"href":"https:\/\/www.dfa.ma\/msteel\/wp-json\/wp\/v2\/pages\/137"}],"wp:featuredmedia":[{"embeddable":true,"href":"https:\/\/www.dfa.ma\/msteel\/wp-json\/wp\/v2\/media\/56"}],"wp:attachment":[{"href":"https:\/\/www.dfa.ma\/msteel\/wp-json\/wp\/v2\/media?parent=157"}],"curies":[{"name":"wp","href":"https:\/\/api.w.org\/{rel}","templated":true}]}}