{"id":226,"date":"2023-01-25T14:09:23","date_gmt":"2023-01-25T13:09:23","guid":{"rendered":"https:\/\/www.dfa.ma\/msteel\/?page_id=226"},"modified":"2023-01-25T16:12:57","modified_gmt":"2023-01-25T15:12:57","slug":"agriculture","status":"publish","type":"page","link":"https:\/\/www.dfa.ma\/msteel\/applications\/agriculture\/","title":{"rendered":"Agriculture"},"content":{"rendered":"\n<div class=\"wp-block-aab-accordion-block aab__accordion_container  active__accordion_container_c616f5e5\" style=\"border:0px none undefined;margin-top:0px;margin-bottom:15px;border-radius:0px\"><div class=\"aab__accordion_head aab_right_icon\" data-active=\"true\" style=\"color:#333333;background-color:transparent;padding:15px 15px 15px 15px\"><div class=\"aab__accordion_heading aab_right_icon\"><h4 class=\"aab__accordion_title\" style=\"margin:0;color:#333333\">Aciers<\/h4><\/div><div class=\"aab__accordion_icon\" style=\"color:#333333;background-color:transparent\"><span class=\"aab__icon dashicons dashicons-arrow-up-alt2\"><\/span><\/div><\/div><div class=\"aab__accordion_body aab__accordion_body--show active__accordion_c616f5e5\" role=\"region\" style=\"background-color:transparent;border-top:0px none undefined;padding:15px 15px 15px 15px\">\n<p>L\u2019utilisation de l\u2019acier dans le domaine agricole est particuli\u00e8rement adapt\u00e9e aux \u00e9l\u00e9ments de structure ou de conduite, tels que&nbsp;:<\/p>\n\n\n\n<div class=\"wp-block-columns ms-listbox is-layout-flex wp-container-4\">\n<div class=\"wp-block-column is-vertically-aligned-center is-layout-flow\">\n<p class=\"has-text-align-left\">Les serres &amp; irrigation<\/p>\n<\/div>\n\n\n\n<div class=\"wp-block-column is-vertically-aligned-center is-layout-flow\">\n<p class=\"has-text-align-left\">Les hangars<\/p>\n<\/div>\n\n\n\n<div class=\"wp-block-column is-vertically-aligned-center is-layout-flow\">\n<p class=\"has-text-align-left\">Les b\u00e2timents pour exploitation agricole<\/p>\n<\/div>\n<\/div>\n<\/div><\/div>\n\n\n\n<div class=\"wp-block-aab-accordion-block aab__accordion_container  active__accordion_container_d2ff11e9\" style=\"border:0px none undefined;margin-top:0px;margin-bottom:15px;border-radius:0px\"><div class=\"aab__accordion_head aab_right_icon\" data-active=\"true\" style=\"color:#333333;background-color:transparent;padding:10px 15px 10px 15px\"><div class=\"aab__accordion_heading aab_right_icon\"><h4 class=\"aab__accordion_title\" style=\"margin:0;color:#333333\"><strong>Panneaux sandwichs<\/strong><\/h4><\/div><div class=\"aab__accordion_icon\" style=\"color:#333333;background-color:transparent\"><span class=\"aab__icon dashicons dashicons-arrow-up-alt2\"><\/span><\/div><\/div><div class=\"aab__accordion_body aab__accordion_body--show active__accordion_d2ff11e9\" role=\"region\" style=\"background-color:transparent;border-top:0px none undefined;padding:10px 15px 10px 15px\">\n<p>Les panneaux sandwichs de Maghreb Steel pr\u00e9sentent des avantages consid\u00e9rables pour une utilisation dans le domaine agricole. Ils peuvent \u00eatre utilis\u00e9s dans une grande diversit\u00e9 de projets, comme par exemple&nbsp;:<\/p>\n\n\n\n<div class=\"wp-block-columns ms-listbox is-layout-flex wp-container-8\">\n<div class=\"wp-block-column ms-listbox is-layout-flow\">\n<p>Les chambres froides<\/p>\n<\/div>\n\n\n\n<div class=\"wp-block-column is-layout-flow\">\n<p>Les hangars d\u2019\u00e9levage<\/p>\n<\/div>\n\n\n\n<div class=\"wp-block-column is-layout-flow\">\n<p>Les entrep\u00f4ts<\/p>\n<\/div>\n<\/div>\n\n\n\n<p>Parfaitement modulables, autoportants et pr\u00e9sentant une grande tenue dans le temps, nos gammes de panneaux sandwichs offrent des solutions durables et efficaces pour les besoins du secteur agricole.<\/p>\n<\/div><\/div>\n","protected":false},"excerpt":{"rendered":"","protected":false},"author":1,"featured_media":229,"parent":224,"menu_order":0,"comment_status":"closed","ping_status":"closed","template":"","meta":{"inline_featured_image":false},"acf":[],"_links":{"self":[{"href":"https:\/\/www.dfa.ma\/msteel\/wp-json\/wp\/v2\/pages\/226"}],"collection":[{"href":"https:\/\/www.dfa.ma\/msteel\/wp-json\/wp\/v2\/pages"}],"about":[{"href":"https:\/\/www.dfa.ma\/msteel\/wp-json\/wp\/v2\/types\/page"}],"author":[{"embeddable":true,"href":"https:\/\/www.dfa.ma\/msteel\/wp-json\/wp\/v2\/users\/1"}],"replies":[{"embeddable":true,"href":"https:\/\/www.dfa.ma\/msteel\/wp-json\/wp\/v2\/comments?post=226"}],"version-history":[{"count":27,"href":"https:\/\/www.dfa.ma\/msteel\/wp-json\/wp\/v2\/pages\/226\/revisions"}],"predecessor-version":[{"id":267,"href":"https:\/\/www.dfa.ma\/msteel\/wp-json\/wp\/v2\/pages\/226\/revisions\/267"}],"up":[{"embeddable":true,"href":"https:\/\/www.dfa.ma\/msteel\/wp-json\/wp\/v2\/pages\/224"}],"wp:featuredmedia":[{"embeddable":true,"href":"https:\/\/www.dfa.ma\/msteel\/wp-json\/wp\/v2\/media\/229"}],"wp:attachment":[{"href":"https:\/\/www.dfa.ma\/msteel\/wp-json\/wp\/v2\/media?parent=226"}],"curies":[{"name":"wp","href":"https:\/\/api.w.org\/{rel}","templated":true}]}}