{"id":268,"date":"2023-01-25T16:20:41","date_gmt":"2023-01-25T15:20:41","guid":{"rendered":"https:\/\/www.dfa.ma\/msteel\/?page_id=268"},"modified":"2023-01-25T16:24:25","modified_gmt":"2023-01-25T15:24:25","slug":"construction","status":"publish","type":"page","link":"https:\/\/www.dfa.ma\/msteel\/applications\/construction\/","title":{"rendered":"Construction"},"content":{"rendered":"\n<div class=\"wp-block-aab-accordion-block aab__accordion_container  active__accordion_container_c5a2ef0d\" style=\"border:0px none undefined;margin-top:0px;margin-bottom:15px;border-radius:0px\"><div class=\"aab__accordion_head aab_right_icon\" data-active=\"true\" style=\"color:#333333;background-color:transparent;padding:15px 15px 15px 15px\"><div class=\"aab__accordion_heading aab_right_icon\"><h4 class=\"aab__accordion_title\" style=\"margin:0;color:#333333\"><strong>Aciers<\/strong><\/h4><\/div><div class=\"aab__accordion_icon\" style=\"color:#333333;background-color:transparent\"><span class=\"aab__icon dashicons dashicons-arrow-up-alt2\"><\/span><\/div><\/div><div class=\"aab__accordion_body aab__accordion_body--show active__accordion_c5a2ef0d\" role=\"region\" style=\"background-color:transparent;border-top:0px none undefined;padding:15px 15px 15px 15px\">\n<p>Solidit\u00e9, polyvalence, durabilit\u00e9, force\u2026 sont autant de caract\u00e9ristiques qui rendent l\u2019acier particuli\u00e8rement int\u00e9ressant dans la construction des b\u00e2timents.<\/p>\n\n\n\n<p>Notre gamme diversifi\u00e9e d\u2019acier de haute qualit\u00e9 offre des solutions performantes et adaptables \u00e0 plusieurs types de projets.<\/p>\n\n\n\n<p>Les aciers de Maghreb Steel peuvent \u00eatre utilis\u00e9s pour diff\u00e9rentes constructions :<\/p>\n\n\n\n<div class=\"wp-block-columns ms-listbox is-layout-flex wp-container-5\">\n<div class=\"wp-block-column is-layout-flow\">\n<p>Entrep\u00f4ts et plateformes logistiques<\/p>\n<\/div>\n\n\n\n<div class=\"wp-block-column is-layout-flow\">\n<p>Complexes sportifs<\/p>\n<\/div>\n\n\n\n<div class=\"wp-block-column is-layout-flow\">\n<p>B\u00e2timents industriels<\/p>\n<\/div>\n\n\n\n<div class=\"wp-block-column is-layout-flow\">\n<p>Grands centres commerciaux<\/p>\n<\/div>\n<\/div>\n\n\n\n<p>Maghreb Steel a les certifications NM (Certification nationale NM du produit \u00ab Acier de construction \u00bb) et CE (Attestation de conformit\u00e9 aux normes europ\u00e9ennes de produit de construction EN 10025-1).<\/p>\n<\/div><\/div>\n\n\n\n<div class=\"wp-block-aab-accordion-block aab__accordion_container  active__accordion_container_a8cd312e\" style=\"border:0px none undefined;margin-top:0px;margin-bottom:15px;border-radius:0px\"><div class=\"aab__accordion_head aab_right_icon\" data-active=\"true\" style=\"color:#333333;background-color:transparent;padding:15px 15px 15px 15px\"><div class=\"aab__accordion_heading aab_right_icon\"><h4 class=\"aab__accordion_title\" style=\"margin:0;color:#333333\"><strong>Panneaux sandwich<\/strong><\/h4><\/div><div class=\"aab__accordion_icon\" style=\"color:#333333;background-color:transparent\"><span class=\"aab__icon dashicons dashicons-arrow-up-alt2\"><\/span><\/div><\/div><div class=\"aab__accordion_body aab__accordion_body--show active__accordion_a8cd312e\" role=\"region\" style=\"background-color:transparent;border-top:0px none undefined;padding:15px 15px 15px 15px\">\n<p>Nos panneaux sandwichs offrent de grands avantages, que ce soit en termes d\u2019isolation thermique, de rapidit\u00e9 et de facilit\u00e9 de pose, de durabilit\u00e9 ou de r\u00e9sistance. Leur utilisation est particuli\u00e8rement indiqu\u00e9e dans certains types de constructions\u00a0:<\/p>\n\n\n\n<div class=\"wp-block-columns ms-listbox is-layout-flex wp-container-10\">\n<div class=\"wp-block-column is-layout-flow\">\n<p>Dispensaires<\/p>\n<\/div>\n\n\n\n<div class=\"wp-block-column is-layout-flow\">\n<p>Points de vente<\/p>\n<\/div>\n\n\n\n<div class=\"wp-block-column is-layout-flow\">\n<p>\u00c9coles<\/p>\n<\/div>\n\n\n\n<div class=\"wp-block-column is-layout-flow\">\n<p>Showrooms<\/p>\n<\/div>\n<\/div>\n\n\n\n<p>Nos \u00e9quipes sont \u00e0 la disposition de nos clients pour \u00e9tudier avec eux la sp\u00e9cificit\u00e9 de leurs projets et leur apporter des solutions parfaitement adapt\u00e9es \u00e0 leurs besoins.<\/p>\n<\/div><\/div>\n","protected":false},"excerpt":{"rendered":"","protected":false},"author":1,"featured_media":269,"parent":224,"menu_order":40,"comment_status":"closed","ping_status":"closed","template":"","meta":{"inline_featured_image":false},"acf":[],"_links":{"self":[{"href":"https:\/\/www.dfa.ma\/msteel\/wp-json\/wp\/v2\/pages\/268"}],"collection":[{"href":"https:\/\/www.dfa.ma\/msteel\/wp-json\/wp\/v2\/pages"}],"about":[{"href":"https:\/\/www.dfa.ma\/msteel\/wp-json\/wp\/v2\/types\/page"}],"author":[{"embeddable":true,"href":"https:\/\/www.dfa.ma\/msteel\/wp-json\/wp\/v2\/users\/1"}],"replies":[{"embeddable":true,"href":"https:\/\/www.dfa.ma\/msteel\/wp-json\/wp\/v2\/comments?post=268"}],"version-history":[{"count":8,"href":"https:\/\/www.dfa.ma\/msteel\/wp-json\/wp\/v2\/pages\/268\/revisions"}],"predecessor-version":[{"id":278,"href":"https:\/\/www.dfa.ma\/msteel\/wp-json\/wp\/v2\/pages\/268\/revisions\/278"}],"up":[{"embeddable":true,"href":"https:\/\/www.dfa.ma\/msteel\/wp-json\/wp\/v2\/pages\/224"}],"wp:featuredmedia":[{"embeddable":true,"href":"https:\/\/www.dfa.ma\/msteel\/wp-json\/wp\/v2\/media\/269"}],"wp:attachment":[{"href":"https:\/\/www.dfa.ma\/msteel\/wp-json\/wp\/v2\/media?parent=268"}],"curies":[{"name":"wp","href":"https:\/\/api.w.org\/{rel}","templated":true}]}}