{"id":279,"date":"2023-01-25T16:37:22","date_gmt":"2023-01-25T15:37:22","guid":{"rendered":"https:\/\/www.dfa.ma\/msteel\/?page_id=279"},"modified":"2023-01-25T16:41:13","modified_gmt":"2023-01-25T15:41:13","slug":"energie","status":"publish","type":"page","link":"https:\/\/www.dfa.ma\/msteel\/applications\/energie\/","title":{"rendered":"\u00c9nergie"},"content":{"rendered":"\n<p>La nouvelle orientation \u00e9nerg\u00e9tique du Maroc a donn\u00e9 naissance \u00e0 des projets de grande envergure dans les domaines des \u00e9nergies solaire et \u00e9olienne.<\/p>\n\n\n\n<p>\u00c0 Maghreb Steel, nous avons \u00e0 c\u0153ur d\u2019accompagner le d\u00e9veloppement de ces projets, qui \u0153uvrent dans le sens de la pr\u00e9servation de l\u2019environnement et de l\u2019am\u00e9lioration du rendement \u00e9nerg\u00e9tique national.<\/p>\n\n\n\n<p>Nos solutions en aciers constituent la base des structures m\u00e9talliques supportant les 500.000 miroirs paraboliques (CSP) de la Centrale solaire Noor de Ouarzazate. Elles sont \u00e9galement parfaitement adapt\u00e9es \u00e0 une utilisation dans les m\u00e2ts et les fondations en acier pour l\u2019\u00e9nergie \u00e9olienne.<\/p>\n","protected":false},"excerpt":{"rendered":"<p>La nouvelle orientation \u00e9nerg\u00e9tique du Maroc a donn\u00e9 naissance \u00e0 des projets de grande envergure dans les domaines [&hellip;]<\/p>\n","protected":false},"author":1,"featured_media":281,"parent":224,"menu_order":30,"comment_status":"closed","ping_status":"closed","template":"","meta":{"inline_featured_image":false},"acf":[],"_links":{"self":[{"href":"https:\/\/www.dfa.ma\/msteel\/wp-json\/wp\/v2\/pages\/279"}],"collection":[{"href":"https:\/\/www.dfa.ma\/msteel\/wp-json\/wp\/v2\/pages"}],"about":[{"href":"https:\/\/www.dfa.ma\/msteel\/wp-json\/wp\/v2\/types\/page"}],"author":[{"embeddable":true,"href":"https:\/\/www.dfa.ma\/msteel\/wp-json\/wp\/v2\/users\/1"}],"replies":[{"embeddable":true,"href":"https:\/\/www.dfa.ma\/msteel\/wp-json\/wp\/v2\/comments?post=279"}],"version-history":[{"count":1,"href":"https:\/\/www.dfa.ma\/msteel\/wp-json\/wp\/v2\/pages\/279\/revisions"}],"predecessor-version":[{"id":280,"href":"https:\/\/www.dfa.ma\/msteel\/wp-json\/wp\/v2\/pages\/279\/revisions\/280"}],"up":[{"embeddable":true,"href":"https:\/\/www.dfa.ma\/msteel\/wp-json\/wp\/v2\/pages\/224"}],"wp:featuredmedia":[{"embeddable":true,"href":"https:\/\/www.dfa.ma\/msteel\/wp-json\/wp\/v2\/media\/281"}],"wp:attachment":[{"href":"https:\/\/www.dfa.ma\/msteel\/wp-json\/wp\/v2\/media?parent=279"}],"curies":[{"name":"wp","href":"https:\/\/api.w.org\/{rel}","templated":true}]}}