{"id":287,"date":"2023-01-25T16:55:33","date_gmt":"2023-01-25T15:55:33","guid":{"rendered":"https:\/\/www.dfa.ma\/msteel\/?page_id=287"},"modified":"2023-02-08T18:10:54","modified_gmt":"2023-02-08T17:10:54","slug":"industrie","status":"publish","type":"page","link":"https:\/\/www.dfa.ma\/msteel\/applications\/industrie\/","title":{"rendered":"Industrie"},"content":{"rendered":"\n<div class=\"wp-block-aab-accordion-block aab__accordion_container  active__accordion_container_11b77c9a\" style=\"border:0px none undefined;margin-top:0px;margin-bottom:15px;border-radius:0px\"><div class=\"aab__accordion_head aab_right_icon\" data-active=\"true\" style=\"color:#333333;background-color:transparent;padding:15px 15px 15px 15px\"><div class=\"aab__accordion_heading aab_right_icon\"><h4 class=\"aab__accordion_title\" style=\"margin:0;color:#333333\"><strong>Aciers<\/strong><\/h4><\/div><div class=\"aab__accordion_icon\" style=\"color:#333333;background-color:transparent\"><span class=\"aab__icon dashicons dashicons-arrow-up-alt2\"><\/span><\/div><\/div><div class=\"aab__accordion_body aab__accordion_body--show active__accordion_11b77c9a\" role=\"region\" style=\"background-color:transparent;border-top:0px none undefined;padding:15px 15px 15px 15px\">\n<div class=\"wp-block-columns ms-listbox is-layout-flex wp-container-5\">\n<div class=\"wp-block-column is-layout-flow\">\n<p>Automobile<\/p>\n<\/div>\n\n\n\n<div class=\"wp-block-column is-layout-flow\">\n<p>Tubes<\/p>\n<\/div>\n\n\n\n<div class=\"wp-block-column is-layout-flow\">\n<p>Bouteilles de gaz<\/p>\n<\/div>\n\n\n\n<div class=\"wp-block-column is-layout-flow\">\n<p>Climatisation<\/p>\n<\/div>\n<\/div>\n\n\n\n<div class=\"wp-block-columns ms-listbox is-layout-flex wp-container-10\">\n<div class=\"wp-block-column is-layout-flow\">\n<p>C\u00e2blage<\/p>\n<\/div>\n\n\n\n<div class=\"wp-block-column is-layout-flow\">\n<p>Cand\u00e9labres<\/p>\n<\/div>\n\n\n\n<div class=\"wp-block-column is-layout-flow\">\n<p>Bureautique<\/p>\n<\/div>\n\n\n\n<div class=\"wp-block-column is-layout-flow\">\n<p>F\u00fbts m\u00e9talliques<\/p>\n<\/div>\n<\/div>\n\n\n\n<p>Nos aciers, pr\u00e9sents dans plusieurs produits issus de diff\u00e9rentes fili\u00e8res industrielles, satisfont pleinement le niveau d\u2019attente \u00e9lev\u00e9 de nos clients, qui trouvent aupr\u00e8s de nos \u00e9quipes l\u2019\u00e9coute, le savoir-faire et la disponibilit\u00e9 n\u00e9cessaires \u00e0 l\u2019accompagnement de leurs activit\u00e9s.<\/p>\n<\/div><\/div>\n\n\n\n<div class=\"wp-block-aab-accordion-block aab__accordion_container  active__accordion_container_cc460df2\" style=\"border:0px none undefined;margin-top:0px;margin-bottom:15px;border-radius:0px\"><div class=\"aab__accordion_head aab_right_icon\" data-active=\"true\" style=\"color:#333333;background-color:transparent;padding:15px 15px 15px 15px\"><div class=\"aab__accordion_heading aab_right_icon\"><h4 class=\"aab__accordion_title\" style=\"margin:0;color:#333333\"><strong>Panneaux sandwichs<\/strong><\/h4><\/div><div class=\"aab__accordion_icon\" style=\"color:#333333;background-color:transparent\"><span class=\"aab__icon dashicons dashicons-arrow-up-alt2\"><\/span><\/div><\/div><div class=\"aab__accordion_body aab__accordion_body--show active__accordion_cc460df2\" role=\"region\" style=\"background-color:transparent;border-top:0px none undefined;padding:15px 15px 15px 15px\">\n<div class=\"wp-block-columns ms-listbox is-layout-flex wp-container-14\">\n<div class=\"wp-block-column is-layout-flow\">\n<p>Usines<\/p>\n<\/div>\n\n\n\n<div class=\"wp-block-column is-layout-flow\">\n<p>Entrep\u00f4ts<\/p>\n<\/div>\n\n\n\n<div class=\"wp-block-column is-layout-flow\">\n<p>Chambres froides<\/p>\n<\/div>\n<\/div>\n\n\n\n<p>Les panneaux sandwichs de Maghreb Steel r\u00e9pondent parfaitement \u00e0 une utilisation industrielle, alliant solidit\u00e9, durabilit\u00e9 des mat\u00e9riaux et isolation thermique de haute qualit\u00e9, que ce soit pour les bardages, les toitures ou encore les cloisons frigorifiques.<\/p>\n<\/div><\/div>\n","protected":false},"excerpt":{"rendered":"","protected":false},"author":1,"featured_media":290,"parent":224,"menu_order":0,"comment_status":"closed","ping_status":"closed","template":"","meta":{"inline_featured_image":false},"acf":[],"_links":{"self":[{"href":"https:\/\/www.dfa.ma\/msteel\/wp-json\/wp\/v2\/pages\/287"}],"collection":[{"href":"https:\/\/www.dfa.ma\/msteel\/wp-json\/wp\/v2\/pages"}],"about":[{"href":"https:\/\/www.dfa.ma\/msteel\/wp-json\/wp\/v2\/types\/page"}],"author":[{"embeddable":true,"href":"https:\/\/www.dfa.ma\/msteel\/wp-json\/wp\/v2\/users\/1"}],"replies":[{"embeddable":true,"href":"https:\/\/www.dfa.ma\/msteel\/wp-json\/wp\/v2\/comments?post=287"}],"version-history":[{"count":17,"href":"https:\/\/www.dfa.ma\/msteel\/wp-json\/wp\/v2\/pages\/287\/revisions"}],"predecessor-version":[{"id":605,"href":"https:\/\/www.dfa.ma\/msteel\/wp-json\/wp\/v2\/pages\/287\/revisions\/605"}],"up":[{"embeddable":true,"href":"https:\/\/www.dfa.ma\/msteel\/wp-json\/wp\/v2\/pages\/224"}],"wp:featuredmedia":[{"embeddable":true,"href":"https:\/\/www.dfa.ma\/msteel\/wp-json\/wp\/v2\/media\/290"}],"wp:attachment":[{"href":"https:\/\/www.dfa.ma\/msteel\/wp-json\/wp\/v2\/media?parent=287"}],"curies":[{"name":"wp","href":"https:\/\/api.w.org\/{rel}","templated":true}]}}