{"id":307,"date":"2023-01-26T10:44:59","date_gmt":"2023-01-26T09:44:59","guid":{"rendered":"https:\/\/www.dfa.ma\/msteel\/?page_id=307"},"modified":"2023-02-23T12:50:19","modified_gmt":"2023-02-23T11:50:19","slug":"panneaux-sandwichs","status":"publish","type":"page","link":"https:\/\/www.dfa.ma\/msteel\/nos-produits\/panneaux-sandwichs\/","title":{"rendered":"Panneaux Sandwichs"},"content":{"rendered":"\n<p>Les panneaux sandwichs de Maghreb Steel sont des composants monoblocs constitu\u00e9s de deux parements en t\u00f4le d\u2019acier galvanis\u00e9 et pr\u00e9laqu\u00e9 et d\u2019une \u00e2me isolante en mousse polyur\u00e9thane dure.<\/p>\n\n\n\n<p>Dot\u00e9s d\u2019un tr\u00e8s fort pouvoir d\u2019isolation et d\u2019\u00e9tanch\u00e9it\u00e9 contre l\u2019infiltration de l\u2019humidit\u00e9, les panneaux composites con\u00e7us pr\u00e9sentent une portance \u00e9lev\u00e9e et une grande rigidit\u00e9 qui leur permettent de r\u00e9sister aux sollicitations m\u00e9caniques.<\/p>\n\n\n\n<p>La ligne de production de panneaux sandwichs de Maghreb Steel est une ligne de derni\u00e8re g\u00e9n\u00e9ration qui garantit une grande pr\u00e9cision dimensionnelle et une qualit\u00e9 de produit constante.<\/p>\n\n\n\n<p>Nos panneaux sandwichs sont adapt\u00e9s \u00e0 une utilisation dans plusieurs domaines&nbsp;: Industrie (usines, entrep\u00f4ts, chambres froides\u2026), Agriculture (hangars de stockage, hangars d\u2019\u00e9levage\u2026), Habitat (v\u00e9randas, bases-vie\u2026)\u2026<\/p>\n\n\n\n<p>Nos gammes de panneaux sandwichs r\u00e9pondent aux besoins sp\u00e9cifiques de chaque utilisation&nbsp;:<\/p>\n\n\n\n<div class=\"wp-block-columns ms-listbox is-layout-flex wp-container-3\">\n<div class=\"wp-block-column is-layout-flow\">\n<p><strong>Panneau sandwich \u00ab&nbsp;Dalakit&nbsp;\u00bb&nbsp;: <\/strong><\/p>\n\n\n\n<p>Panneau pour toiture, d\u2019une \u00e9paisseur de t\u00f4le de 0,3 mm et d\u2019une \u00e9paisseur de mousse de 30 mm<\/p>\n<\/div>\n\n\n\n<div class=\"wp-block-column is-layout-flow\">\n<p><strong>Panneau sandwich \u00ab&nbsp;IsoMur&nbsp;\u00bb&nbsp;: <\/strong><\/p>\n\n\n\n<p>Panneau pour bardage et s\u00e9paration, d\u2019une \u00e9paisseur de t\u00f4le de 0,5 \u00e0 0,3 mm et d\u2019une \u00e9paisseur de mousse de 30 \u00e0 200 mm<\/p>\n<\/div>\n<\/div>\n\n\n\n<div class=\"wp-block-columns ms-listbox is-layout-flex wp-container-6\">\n<div class=\"wp-block-column is-layout-flow\">\n<p><strong>IsoToit&nbsp;: <\/strong><\/p>\n\n\n\n<p>Panneau sandwich pour couverture m\u00e9tallique, d\u2019une \u00e9paisseur de t\u00f4le de 0,3 \u00e0 0,5 mm et d\u2019une \u00e9paisseur de mousse de 30 \u00e0 200 mm<\/p>\n<\/div>\n\n\n\n<div class=\"wp-block-column is-layout-flow\">\n<p><strong>IsoFrigo&nbsp;: <\/strong><\/p>\n\n\n\n<p>Panneau sandwich isotherme pour le froid, d\u2019une \u00e9paisseur de t\u00f4le de 0,5 mm et d\u2019une \u00e9paisseur de mousse de 100 mm<\/p>\n<\/div>\n<\/div>\n\n\n\n<p>Nos \u00e9quipes sont \u00e0 votre \u00e9coute pour vous apporter tout le conseil n\u00e9cessaire en vue d\u2019une utilisation de nos panneaux sandwichs adapt\u00e9e \u00e0 vos besoins.<\/p>\n","protected":false},"excerpt":{"rendered":"<p>Les panneaux sandwichs de Maghreb Steel sont des composants monoblocs constitu\u00e9s de deux parements en t\u00f4le d\u2019acier galvanis\u00e9 [&hellip;]<\/p>\n","protected":false},"author":1,"featured_media":337,"parent":302,"menu_order":20,"comment_status":"closed","ping_status":"closed","template":"","meta":{"inline_featured_image":false},"acf":[],"_links":{"self":[{"href":"https:\/\/www.dfa.ma\/msteel\/wp-json\/wp\/v2\/pages\/307"}],"collection":[{"href":"https:\/\/www.dfa.ma\/msteel\/wp-json\/wp\/v2\/pages"}],"about":[{"href":"https:\/\/www.dfa.ma\/msteel\/wp-json\/wp\/v2\/types\/page"}],"author":[{"embeddable":true,"href":"https:\/\/www.dfa.ma\/msteel\/wp-json\/wp\/v2\/users\/1"}],"replies":[{"embeddable":true,"href":"https:\/\/www.dfa.ma\/msteel\/wp-json\/wp\/v2\/comments?post=307"}],"version-history":[{"count":17,"href":"https:\/\/www.dfa.ma\/msteel\/wp-json\/wp\/v2\/pages\/307\/revisions"}],"predecessor-version":[{"id":760,"href":"https:\/\/www.dfa.ma\/msteel\/wp-json\/wp\/v2\/pages\/307\/revisions\/760"}],"up":[{"embeddable":true,"href":"https:\/\/www.dfa.ma\/msteel\/wp-json\/wp\/v2\/pages\/302"}],"wp:featuredmedia":[{"embeddable":true,"href":"https:\/\/www.dfa.ma\/msteel\/wp-json\/wp\/v2\/media\/337"}],"wp:attachment":[{"href":"https:\/\/www.dfa.ma\/msteel\/wp-json\/wp\/v2\/media?parent=307"}],"curies":[{"name":"wp","href":"https:\/\/api.w.org\/{rel}","templated":true}]}}