{"id":311,"date":"2023-01-26T10:48:02","date_gmt":"2023-01-26T09:48:02","guid":{"rendered":"https:\/\/www.dfa.ma\/msteel\/?page_id=311"},"modified":"2023-02-23T12:55:50","modified_gmt":"2023-02-23T11:55:50","slug":"bobines-laminees-a-chaud","status":"publish","type":"page","link":"https:\/\/www.dfa.ma\/msteel\/nos-produits\/aciers\/bobines-laminees-a-chaud\/","title":{"rendered":"Bobines Lamin\u00e9es \u00e0 Chaud"},"content":{"rendered":"\n<p>Les bobines lamin\u00e9es \u00e0 chaud de Maghreb Steel sont produites sur la ligne \u00ab\u00a0<a href=\"https:\/\/www.dfa.ma\/msteel\/nos-usines\/complexe-de-laminage-a-chaud\/laminoir-a-chaud-de-bobines\/\">Steckel Mill\u00a0<\/a>\u00bb de son site de Bled Solb.<\/p>\n\n\n\n<p>Elles offrent de larges possibilit\u00e9s d\u2019utilisation dans des domaines vari\u00e9s&nbsp;: industrie (bouteilles de gaz, cand\u00e9labres\u2026), tubes (formage \u00e0 froid et emboutissage), \u00e9lectrom\u00e9nager (machines \u00e0 laver, fours, climatisations\u2026), b\u00e2timent (bardages, toitures\u2026)\u2026<\/p>\n\n\n\n<p>Nos produits r\u00e9pondent aux normes de qualit\u00e9 internationales et offrent une couverture optimale des diff\u00e9rents besoins.<\/p>\n\n\n\n<p>Les produits lamin\u00e9s \u00e0 chaud peuvent \u00eatre livr\u00e9s :<\/p>\n\n\n\n<div class=\"wp-block-columns ms-listbox is-layout-flex wp-container-3\">\n<div class=\"wp-block-column is-layout-flow\">\n<p>\u00c0 l\u2019\u00e9tat noir ou d\u00e9cap\u00e9<\/p>\n<\/div>\n\n\n\n<div class=\"wp-block-column is-layout-flow\">\n<p>En bobine, en feuille ou en bande<\/p>\n<\/div>\n<\/div>\n\n\n\n<div class=\"wp-block-columns ms-listbox is-layout-flex wp-container-6\">\n<div class=\"wp-block-column is-layout-flow\">\n<p>Huil\u00e9s ou non huil\u00e9s<\/p>\n<\/div>\n\n\n\n<div class=\"wp-block-column is-layout-flow\">\n<p>Avec rives brutes de laminage ou cisaill\u00e9s<\/p>\n<\/div>\n<\/div>\n\n\n\n<p>Toujours \u00e0 l\u2019\u00e9coute de nos clients, nos \u00e9quipes commerciales et techniques se tiennent \u00e0 leur disposition pour r\u00e9pondre \u00e0 leurs attentes au plus pr\u00e8s de leurs besoins et de leurs exigences.<\/p>\n","protected":false},"excerpt":{"rendered":"<p>Les bobines lamin\u00e9es \u00e0 chaud de Maghreb Steel sont produites sur la ligne \u00ab\u00a0Steckel Mill\u00a0\u00bb de son site [&hellip;]<\/p>\n","protected":false},"author":1,"featured_media":495,"parent":309,"menu_order":0,"comment_status":"closed","ping_status":"closed","template":"","meta":{"inline_featured_image":false},"acf":[],"_links":{"self":[{"href":"https:\/\/www.dfa.ma\/msteel\/wp-json\/wp\/v2\/pages\/311"}],"collection":[{"href":"https:\/\/www.dfa.ma\/msteel\/wp-json\/wp\/v2\/pages"}],"about":[{"href":"https:\/\/www.dfa.ma\/msteel\/wp-json\/wp\/v2\/types\/page"}],"author":[{"embeddable":true,"href":"https:\/\/www.dfa.ma\/msteel\/wp-json\/wp\/v2\/users\/1"}],"replies":[{"embeddable":true,"href":"https:\/\/www.dfa.ma\/msteel\/wp-json\/wp\/v2\/comments?post=311"}],"version-history":[{"count":8,"href":"https:\/\/www.dfa.ma\/msteel\/wp-json\/wp\/v2\/pages\/311\/revisions"}],"predecessor-version":[{"id":763,"href":"https:\/\/www.dfa.ma\/msteel\/wp-json\/wp\/v2\/pages\/311\/revisions\/763"}],"up":[{"embeddable":true,"href":"https:\/\/www.dfa.ma\/msteel\/wp-json\/wp\/v2\/pages\/309"}],"wp:featuredmedia":[{"embeddable":true,"href":"https:\/\/www.dfa.ma\/msteel\/wp-json\/wp\/v2\/media\/495"}],"wp:attachment":[{"href":"https:\/\/www.dfa.ma\/msteel\/wp-json\/wp\/v2\/media?parent=311"}],"curies":[{"name":"wp","href":"https:\/\/api.w.org\/{rel}","templated":true}]}}