{"id":313,"date":"2023-01-26T11:03:27","date_gmt":"2023-01-26T10:03:27","guid":{"rendered":"https:\/\/www.dfa.ma\/msteel\/?page_id=313"},"modified":"2023-02-23T12:58:05","modified_gmt":"2023-02-23T11:58:05","slug":"tole-quarto","status":"publish","type":"page","link":"https:\/\/www.dfa.ma\/msteel\/nos-produits\/aciers\/tole-quarto\/","title":{"rendered":"T\u00f4le Quarto"},"content":{"rendered":"\n<p>Les t\u00f4les \u00ab\u00a0QUARTO\u00a0\u00bb de Maghreb Steel sont produites sur la ligne \u00ab\u00a0<a href=\"https:\/\/www.dfa.ma\/msteel\/nos-usines\/complexe-de-laminage-a-chaud\/laminoir-a-chaud-de-tole-forte\/\">Plate Mill\u00a0<\/a>\u00bb de son site de Bled Solb.<\/p>\n\n\n\n<p>Les t\u00f4les \u00ab&nbsp;QUARTO&nbsp;\u00bb sont des t\u00f4les fortes en acier utilis\u00e9es dans le domaine du b\u00e2timent et de la construction. Ces aciers en carbone et en mangan\u00e8se sont caract\u00e9ris\u00e9s par une forte r\u00e9sistance et de tr\u00e8s bonnes valeurs de r\u00e9silience. On les retrouve notamment dans les projets d\u2019infrastructures, les structures m\u00e9talliques, les m\u00e2ts d\u2019\u00e9olienne, la construction m\u00e9tallique \u2026<\/p>\n\n\n\n<p>Les aciers de Maghreb Steel r\u00e9pondent \u00e0 toutes les exigences de qualit\u00e9, de solidit\u00e9 et de r\u00e9sistance n\u00e9cessit\u00e9es par ce type de projets.<\/p>\n\n\n\n<p>Nos produits \u00ab&nbsp;QUARTO&nbsp;\u00bb peuvent \u00eatre livr\u00e9s&nbsp;avec rives brutes de laminage ou cisaill\u00e9s.<\/p>\n\n\n\n<p>Nous sommes \u00e0 la disposition de nos clients pour toute demande particuli\u00e8re n\u00e9cessitant une technicit\u00e9 et un savoir-faire sp\u00e9cifiques.<\/p>\n","protected":false},"excerpt":{"rendered":"<p>Les t\u00f4les \u00ab\u00a0QUARTO\u00a0\u00bb de Maghreb Steel sont produites sur la ligne \u00ab\u00a0Plate Mill\u00a0\u00bb de son site de Bled [&hellip;]<\/p>\n","protected":false},"author":1,"featured_media":477,"parent":309,"menu_order":0,"comment_status":"closed","ping_status":"closed","template":"","meta":{"inline_featured_image":false},"acf":[],"_links":{"self":[{"href":"https:\/\/www.dfa.ma\/msteel\/wp-json\/wp\/v2\/pages\/313"}],"collection":[{"href":"https:\/\/www.dfa.ma\/msteel\/wp-json\/wp\/v2\/pages"}],"about":[{"href":"https:\/\/www.dfa.ma\/msteel\/wp-json\/wp\/v2\/types\/page"}],"author":[{"embeddable":true,"href":"https:\/\/www.dfa.ma\/msteel\/wp-json\/wp\/v2\/users\/1"}],"replies":[{"embeddable":true,"href":"https:\/\/www.dfa.ma\/msteel\/wp-json\/wp\/v2\/comments?post=313"}],"version-history":[{"count":11,"href":"https:\/\/www.dfa.ma\/msteel\/wp-json\/wp\/v2\/pages\/313\/revisions"}],"predecessor-version":[{"id":764,"href":"https:\/\/www.dfa.ma\/msteel\/wp-json\/wp\/v2\/pages\/313\/revisions\/764"}],"up":[{"embeddable":true,"href":"https:\/\/www.dfa.ma\/msteel\/wp-json\/wp\/v2\/pages\/309"}],"wp:featuredmedia":[{"embeddable":true,"href":"https:\/\/www.dfa.ma\/msteel\/wp-json\/wp\/v2\/media\/477"}],"wp:attachment":[{"href":"https:\/\/www.dfa.ma\/msteel\/wp-json\/wp\/v2\/media?parent=313"}],"curies":[{"name":"wp","href":"https:\/\/api.w.org\/{rel}","templated":true}]}}