{"id":379,"date":"2023-01-31T15:15:36","date_gmt":"2023-01-31T14:15:36","guid":{"rendered":"https:\/\/www.dfa.ma\/msteel\/?page_id=379"},"modified":"2023-04-11T15:13:11","modified_gmt":"2023-04-11T15:13:11","slug":"acierie","status":"publish","type":"page","link":"https:\/\/www.dfa.ma\/msteel\/nos-usines\/complexe-de-laminage-a-chaud\/acierie\/","title":{"rendered":"Aci\u00e9rie"},"content":{"rendered":"\n<p>L\u2019aci\u00e9rie \u00e9lectrique de Maghreb Steel est une unit\u00e9 de production d\u2019acier \u00e0 partir de ferraille recycl\u00e9e, dot\u00e9e d\u2019une technologie EAF (Fours \u00e0 arc \u00e9lectrique) quatre fois moins g\u00e9n\u00e9ratrice de CO2 que les technologies classiques de production d\u2019acier. <\/p>\n\n\n\n<div class=\"wp-block-aab-accordion-block aab__accordion_container  active__accordion_container_38b70306\" style=\"border:0px none undefined;margin-top:0px;margin-bottom:15px;border-radius:0px\"><div class=\"aab__accordion_head aab_right_icon\" data-active=\"true\" style=\"color:#333333;background-color:transparent;padding:15px 15px 15px 15px\"><div class=\"aab__accordion_heading aab_right_icon\"><h4 class=\"aab__accordion_title\" style=\"margin:0;color:#333333\"><strong>Applications<\/strong><\/h4><\/div><div class=\"aab__accordion_icon\" style=\"color:#333333;background-color:transparent\"><span class=\"aab__icon dashicons dashicons-arrow-up-alt2\"><\/span><\/div><\/div><div class=\"aab__accordion_body aab__accordion_body--show active__accordion_38b70306\" role=\"region\" style=\"background-color:transparent;border-top:0px none undefined;padding:15px 15px 15px 15px\">\n<p>Produits semi-finis sous forme de brames pour les laminoirs \u00e0 chaud \u00ab&nbsp;Plate Mill&nbsp;\u00bb et \u00ab&nbsp;Steckel&nbsp;\u00bb.<\/p>\n<\/div><\/div>\n\n\n\n<div class=\"wp-block-aab-accordion-block aab__accordion_container  active__accordion_container_9b293a56\" style=\"border:0px none undefined;margin-top:15px;margin-bottom:15px;border-radius:0px\"><div class=\"aab__accordion_head aab_right_icon\" data-active=\"true\" style=\"color:#333333;background-color:transparent;padding:15px 15px 15px 15px\"><div class=\"aab__accordion_heading aab_right_icon\"><h4 class=\"aab__accordion_title\" style=\"margin:0;color:#333333\"><strong>Capacit\u00e9 et caract\u00e9ristiques techniques\u00a0<\/strong><\/h4><\/div><div class=\"aab__accordion_icon\" style=\"color:#333333;background-color:transparent\"><span class=\"aab__icon dashicons dashicons-arrow-up-alt2\"><\/span><\/div><\/div><div class=\"aab__accordion_body aab__accordion_body--show active__accordion_9b293a56\" role=\"region\" style=\"background-color:transparent;border-top:0px none undefined;padding:15px 15px 15px 15px\">\n<div class=\"wp-block-columns ms-listbox is-layout-flex wp-container-4\">\n<div class=\"wp-block-column is-layout-flow\">\n<p class=\"has-secondary-color has-text-color\"><strong>Production annuelle<\/strong><\/p>\n\n\n\n<p>1 million de tonnes de brame<\/p>\n<\/div>\n\n\n\n<div class=\"wp-block-column is-layout-flow\">\n<p class=\"has-secondary-color has-text-color\"><strong>Largueur de la brame<\/strong><\/p>\n\n\n\n<p>900 \u2013 2 150 mm<\/p>\n<\/div>\n\n\n\n<div class=\"wp-block-column is-layout-flow\">\n<p class=\"has-secondary-color has-text-color\"><strong>\u00c9paisseur brame<\/strong><\/p>\n\n\n\n<p>180 \u2013 200 mm<\/p>\n<\/div>\n<\/div>\n\n\n\n<div class=\"wp-block-columns ms-listbox is-layout-flex wp-container-7\">\n<div class=\"wp-block-column is-layout-flow\">\n<p class=\"has-secondary-color has-text-color\"><strong>Longueur brame<\/strong><\/p>\n\n\n\n<p>6 000 \u2013 12 500 mm<\/p>\n<\/div>\n\n\n\n<div class=\"wp-block-column is-layout-flow\">\n<p class=\"has-secondary-color has-text-color\"><strong>Vitesse maximale de coul\u00e9e<\/strong><\/p>\n\n\n\n<p>2.5 m\/min<\/p>\n<\/div>\n<\/div>\n<\/div><\/div>\n","protected":false},"excerpt":{"rendered":"<p>L\u2019aci\u00e9rie \u00e9lectrique de Maghreb Steel est une unit\u00e9 de production d\u2019acier \u00e0 partir de ferraille recycl\u00e9e, dot\u00e9e d\u2019une [&hellip;]<\/p>\n","protected":false},"author":1,"featured_media":380,"parent":368,"menu_order":0,"comment_status":"closed","ping_status":"closed","template":"","meta":{"inline_featured_image":false},"acf":[],"_links":{"self":[{"href":"https:\/\/www.dfa.ma\/msteel\/wp-json\/wp\/v2\/pages\/379"}],"collection":[{"href":"https:\/\/www.dfa.ma\/msteel\/wp-json\/wp\/v2\/pages"}],"about":[{"href":"https:\/\/www.dfa.ma\/msteel\/wp-json\/wp\/v2\/types\/page"}],"author":[{"embeddable":true,"href":"https:\/\/www.dfa.ma\/msteel\/wp-json\/wp\/v2\/users\/1"}],"replies":[{"embeddable":true,"href":"https:\/\/www.dfa.ma\/msteel\/wp-json\/wp\/v2\/comments?post=379"}],"version-history":[{"count":7,"href":"https:\/\/www.dfa.ma\/msteel\/wp-json\/wp\/v2\/pages\/379\/revisions"}],"predecessor-version":[{"id":848,"href":"https:\/\/www.dfa.ma\/msteel\/wp-json\/wp\/v2\/pages\/379\/revisions\/848"}],"up":[{"embeddable":true,"href":"https:\/\/www.dfa.ma\/msteel\/wp-json\/wp\/v2\/pages\/368"}],"wp:featuredmedia":[{"embeddable":true,"href":"https:\/\/www.dfa.ma\/msteel\/wp-json\/wp\/v2\/media\/380"}],"wp:attachment":[{"href":"https:\/\/www.dfa.ma\/msteel\/wp-json\/wp\/v2\/media?parent=379"}],"curies":[{"name":"wp","href":"https:\/\/api.w.org\/{rel}","templated":true}]}}