{"id":391,"date":"2023-01-31T15:44:39","date_gmt":"2023-01-31T14:44:39","guid":{"rendered":"https:\/\/www.dfa.ma\/msteel\/?page_id=391"},"modified":"2023-01-31T16:56:31","modified_gmt":"2023-01-31T15:56:31","slug":"laminoir-a-chaud-de-bobines","status":"publish","type":"page","link":"https:\/\/www.dfa.ma\/msteel\/nos-usines\/complexe-de-laminage-a-chaud\/laminoir-a-chaud-de-bobines\/","title":{"rendered":"Laminoir \u00e0 chaud de bobines"},"content":{"rendered":"\n<p><strong>Le laminoir \u00e0 chaud de \u00ab&nbsp;Bobine&nbsp;\u00bb de Maghreb Steel est&nbsp;un laminoir de type \u00ab&nbsp;Steckel Mill&nbsp;\u00bb, dot\u00e9 d\u2019une capacit\u00e9 de production d\u2019un million de tonnes par an de bobine d\u2019acier.<\/strong><\/p>\n\n\n\n<div class=\"wp-block-aab-accordion-block aab__accordion_container  active__accordion_container_8c407c5e\" style=\"border:0px none undefined;margin-top:0px;margin-bottom:15px;border-radius:0px\"><div class=\"aab__accordion_head aab_right_icon\" data-active=\"true\" style=\"color:#333333;background-color:transparent;padding:15px 15px 15px 15px\"><div class=\"aab__accordion_heading aab_right_icon\"><h4 class=\"aab__accordion_title\" style=\"margin:0;color:#333333\"><strong>Applications<\/strong><\/h4><\/div><div class=\"aab__accordion_icon\" style=\"color:#333333;background-color:transparent\"><span class=\"aab__icon dashicons dashicons-arrow-up-alt2\"><\/span><\/div><\/div><div class=\"aab__accordion_body aab__accordion_body--show active__accordion_8c407c5e\" role=\"region\" style=\"background-color:transparent;border-top:0px none undefined;padding:15px 15px 15px 15px\">\n<p>Industrie, tubes, d\u00e9coupe de t\u00f4le, bouteilles \u00e0 gaz, transport (engins de chantier, remorques, mat\u00e9riel ferroviaire machines agricoles\u2026), profilage (rayonnage industriel\u2026)\u2026<\/p>\n<\/div><\/div>\n\n\n\n<div class=\"wp-block-aab-accordion-block aab__accordion_container  active__accordion_container_ab1204da\" style=\"border:0px none undefined;margin-top:15px;margin-bottom:15px;border-radius:0px\"><div class=\"aab__accordion_head aab_right_icon\" data-active=\"true\" style=\"color:#333333;background-color:transparent;padding:15px 15px 15px 15px\"><div class=\"aab__accordion_heading aab_right_icon\"><h4 class=\"aab__accordion_title\" style=\"margin:0;color:#333333\">Capacit\u00e9 et caract\u00e9ristiques techniques<\/h4><\/div><div class=\"aab__accordion_icon\" style=\"color:#333333;background-color:transparent\"><span class=\"aab__icon dashicons dashicons-arrow-up-alt2\"><\/span><\/div><\/div><div class=\"aab__accordion_body aab__accordion_body--show active__accordion_ab1204da\" role=\"region\" style=\"background-color:transparent;border-top:0px none undefined;padding:15px 15px 15px 15px\">\n<div class=\"wp-block-columns ms-listbox is-layout-flex wp-container-3\">\n<div class=\"wp-block-column is-layout-flow\">\n<p class=\"has-secondary-color has-text-color\"><strong>Production annuelle<\/strong><\/p>\n\n\n\n<p>1 million de tonnes<\/p>\n<\/div>\n\n\n\n<div class=\"wp-block-column is-layout-flow\">\n<p class=\"has-secondary-color has-text-color\"><strong>Largueur bobine<\/strong><\/p>\n\n\n\n<p>600 \u00e0 1540 mm<\/p>\n<\/div>\n<\/div>\n\n\n\n<div class=\"wp-block-columns ms-listbox is-layout-flex wp-container-6\">\n<div class=\"wp-block-column is-layout-flow\">\n<p class=\"has-secondary-color has-text-color\"><strong>\u00c9paisseur bobine<\/strong><\/p>\n\n\n\n<p>1.5 \u00e0 20 mm<\/p>\n<\/div>\n\n\n\n<div class=\"wp-block-column is-layout-flow\">\n<p class=\"has-secondary-color has-text-color\"><strong>Poids bobine&nbsp;&nbsp;max<\/strong><\/p>\n\n\n\n<p>30 tonnes<\/p>\n<\/div>\n<\/div>\n<\/div><\/div>\n","protected":false},"excerpt":{"rendered":"<p>Le laminoir \u00e0 chaud de \u00ab&nbsp;Bobine&nbsp;\u00bb de Maghreb Steel est&nbsp;un laminoir de type \u00ab&nbsp;Steckel Mill&nbsp;\u00bb, dot\u00e9 d\u2019une capacit\u00e9 [&hellip;]<\/p>\n","protected":false},"author":1,"featured_media":405,"parent":368,"menu_order":10,"comment_status":"closed","ping_status":"closed","template":"","meta":{"inline_featured_image":false},"acf":[],"_links":{"self":[{"href":"https:\/\/www.dfa.ma\/msteel\/wp-json\/wp\/v2\/pages\/391"}],"collection":[{"href":"https:\/\/www.dfa.ma\/msteel\/wp-json\/wp\/v2\/pages"}],"about":[{"href":"https:\/\/www.dfa.ma\/msteel\/wp-json\/wp\/v2\/types\/page"}],"author":[{"embeddable":true,"href":"https:\/\/www.dfa.ma\/msteel\/wp-json\/wp\/v2\/users\/1"}],"replies":[{"embeddable":true,"href":"https:\/\/www.dfa.ma\/msteel\/wp-json\/wp\/v2\/comments?post=391"}],"version-history":[{"count":4,"href":"https:\/\/www.dfa.ma\/msteel\/wp-json\/wp\/v2\/pages\/391\/revisions"}],"predecessor-version":[{"id":406,"href":"https:\/\/www.dfa.ma\/msteel\/wp-json\/wp\/v2\/pages\/391\/revisions\/406"}],"up":[{"embeddable":true,"href":"https:\/\/www.dfa.ma\/msteel\/wp-json\/wp\/v2\/pages\/368"}],"wp:featuredmedia":[{"embeddable":true,"href":"https:\/\/www.dfa.ma\/msteel\/wp-json\/wp\/v2\/media\/405"}],"wp:attachment":[{"href":"https:\/\/www.dfa.ma\/msteel\/wp-json\/wp\/v2\/media?parent=391"}],"curies":[{"name":"wp","href":"https:\/\/api.w.org\/{rel}","templated":true}]}}