{"id":395,"date":"2023-01-31T15:57:28","date_gmt":"2023-01-31T14:57:28","guid":{"rendered":"https:\/\/www.dfa.ma\/msteel\/?page_id=395"},"modified":"2023-01-31T16:03:56","modified_gmt":"2023-01-31T15:03:56","slug":"laminoir-a-chaud-de-tole-forte","status":"publish","type":"page","link":"https:\/\/www.dfa.ma\/msteel\/nos-usines\/complexe-de-laminage-a-chaud\/laminoir-a-chaud-de-tole-forte\/","title":{"rendered":"Laminoir \u00e0 chaud de t\u00f4le forte"},"content":{"rendered":"\n<p><strong>Le laminoir \u00e0 chaud de \u00ab T\u00f4le Quarto \u00bb de Maghreb Steel est un laminoir de type \u00ab Plate Mill \u00bb, avec une capacit\u00e9 de production de 500.000 tonnes\/an de t\u00f4le de forte \u00e9paisseur.<\/strong><\/p>\n\n\n\n<div class=\"wp-block-aab-accordion-block aab__accordion_container  active__accordion_container_0db4f5fa\" style=\"border:0px none undefined;margin-top:0px;margin-bottom:15px;border-radius:0px\"><div class=\"aab__accordion_head aab_right_icon\" data-active=\"true\" style=\"color:#333333;background-color:transparent;padding:15px 15px 15px 15px\"><div class=\"aab__accordion_heading aab_right_icon\"><h4 class=\"aab__accordion_title\" style=\"margin:0;color:#333333\">Applications<\/h4><\/div><div class=\"aab__accordion_icon\" style=\"color:#333333;background-color:transparent\"><span class=\"aab__icon dashicons dashicons-arrow-up-alt2\"><\/span><\/div><\/div><div class=\"aab__accordion_body aab__accordion_body--show active__accordion_0db4f5fa\" role=\"region\" style=\"background-color:transparent;border-top:0px none undefined;padding:15px 15px 15px 15px\">\n<p>Projets d\u2019infrastructures, structures m\u00e9talliques, m\u00e2ts d\u2019\u00e9oliennes, b\u00e2timent, construction m\u00e9tallique\u2026<\/p>\n<\/div><\/div>\n\n\n\n<div class=\"wp-block-aab-accordion-block aab__accordion_container  active__accordion_container_9f7c3d81\" style=\"border:0px none undefined;margin-top:0px;margin-bottom:15px;border-radius:0px\"><div class=\"aab__accordion_head aab_right_icon\" data-active=\"true\" style=\"color:#333333;background-color:transparent;padding:15px 15px 15px 15px\"><div class=\"aab__accordion_heading aab_right_icon\"><h4 class=\"aab__accordion_title\" style=\"margin:0;color:#333333\">Capacit\u00e9 et caract\u00e9ristiques techniques<\/h4><\/div><div class=\"aab__accordion_icon\" style=\"color:#333333;background-color:transparent\"><span class=\"aab__icon dashicons dashicons-arrow-up-alt2\"><\/span><\/div><\/div><div class=\"aab__accordion_body aab__accordion_body--show active__accordion_9f7c3d81\" role=\"region\" style=\"background-color:transparent;border-top:0px none undefined;padding:15px 15px 15px 15px\">\n<div class=\"wp-block-columns ms-listbox is-layout-flex wp-container-3\">\n<div class=\"wp-block-column is-layout-flow\">\n<p class=\"has-secondary-color has-text-color\"><strong>Production annuelle<\/strong><\/p>\n\n\n\n<p>500 000 tonnes<\/p>\n<\/div>\n\n\n\n<div class=\"wp-block-column is-layout-flow\">\n<p class=\"has-secondary-color has-text-color\"><strong>Largueur T\u00f4le<\/strong><\/p>\n\n\n\n<p>1 500 \u00e0 2 600 mm<\/p>\n\n\n\n<p><\/p>\n<\/div>\n<\/div>\n\n\n\n<div class=\"wp-block-columns ms-listbox is-layout-flex wp-container-6\">\n<div class=\"wp-block-column is-layout-flow\">\n<p class=\"has-secondary-color has-text-color\"><strong>Longueur T\u00f4le<\/strong><\/p>\n\n\n\n<p>3 000 \u00e0 12&nbsp;000 mm<\/p>\n<\/div>\n\n\n\n<div class=\"wp-block-column is-layout-flow\">\n<p class=\"has-secondary-color has-text-color\"><strong>\u00c9paisseur T\u00f4le<\/strong><\/p>\n\n\n\n<p>5 \u00e0 150 mm<\/p>\n<\/div>\n<\/div>\n<\/div><\/div>\n","protected":false},"excerpt":{"rendered":"<p>Le laminoir \u00e0 chaud de \u00ab T\u00f4le Quarto \u00bb de Maghreb Steel est un laminoir de type \u00ab [&hellip;]<\/p>\n","protected":false},"author":1,"featured_media":396,"parent":368,"menu_order":30,"comment_status":"closed","ping_status":"closed","template":"","meta":{"inline_featured_image":false},"acf":[],"_links":{"self":[{"href":"https:\/\/www.dfa.ma\/msteel\/wp-json\/wp\/v2\/pages\/395"}],"collection":[{"href":"https:\/\/www.dfa.ma\/msteel\/wp-json\/wp\/v2\/pages"}],"about":[{"href":"https:\/\/www.dfa.ma\/msteel\/wp-json\/wp\/v2\/types\/page"}],"author":[{"embeddable":true,"href":"https:\/\/www.dfa.ma\/msteel\/wp-json\/wp\/v2\/users\/1"}],"replies":[{"embeddable":true,"href":"https:\/\/www.dfa.ma\/msteel\/wp-json\/wp\/v2\/comments?post=395"}],"version-history":[{"count":5,"href":"https:\/\/www.dfa.ma\/msteel\/wp-json\/wp\/v2\/pages\/395\/revisions"}],"predecessor-version":[{"id":402,"href":"https:\/\/www.dfa.ma\/msteel\/wp-json\/wp\/v2\/pages\/395\/revisions\/402"}],"up":[{"embeddable":true,"href":"https:\/\/www.dfa.ma\/msteel\/wp-json\/wp\/v2\/pages\/368"}],"wp:featuredmedia":[{"embeddable":true,"href":"https:\/\/www.dfa.ma\/msteel\/wp-json\/wp\/v2\/media\/396"}],"wp:attachment":[{"href":"https:\/\/www.dfa.ma\/msteel\/wp-json\/wp\/v2\/media?parent=395"}],"curies":[{"name":"wp","href":"https:\/\/api.w.org\/{rel}","templated":true}]}}