{"id":450,"date":"2023-02-01T16:22:36","date_gmt":"2023-02-01T15:22:36","guid":{"rendered":"https:\/\/www.dfa.ma\/msteel\/?page_id=450"},"modified":"2023-02-23T12:38:39","modified_gmt":"2023-02-23T11:38:39","slug":"qualite","status":"publish","type":"page","link":"https:\/\/www.dfa.ma\/msteel\/qui-nous-sommes\/nos-engagements\/qualite\/","title":{"rendered":"Qualit\u00e9"},"content":{"rendered":"\n<p>Maghreb Steel a mis en \u0153uvre un Syst\u00e8me de Management Int\u00e9gr\u00e9 (QSE), mettant la Qualit\u00e9, la <a href=\"https:\/\/www.dfa.ma\/msteel\/qui-nous-sommes\/nos-engagements\/sante-et-securite\/\">S\u00e9curit\u00e9<\/a> et <a href=\"https:\/\/www.dfa.ma\/msteel\/qui-nous-sommes\/nos-engagements\/environnement\/\">l\u2019Environnement<\/a> au c\u0153ur de sa d\u00e9marche.<\/p>\n\n\n\n<p>La satisfaction de nos clients est notre plus grande priorit\u00e9 et nous mettons tout en \u0153uvre pour maintenir un niveau de qualit\u00e9 irr\u00e9prochable de nos produits et de nos process.<\/p>\n\n\n\n<p>Nous travaillons de concert avec nos clients pour un suivi rapproch\u00e9 de la qualit\u00e9 de nos produits et en veillant \u00e0 recueillir leurs retours en continu afin de demeurer au plus pr\u00e8s de leurs besoins.<\/p>\n\n\n\n<p>Nous d\u00e9ployons de nombreux efforts en mati\u00e8re de d\u00e9veloppement de nouveaux grades d\u2019acier et mettons nos ressources \u00e0 la disposition de nos clients pour les aider \u00e0 d\u00e9velopper leurs propres produits.<\/p>\n\n\n\n<p>Nos certificats produits sont conformes \u00e0 la documentation internationale, que ce soit au regard des analyses, des aspects techniques ou des fiches produits.<\/p>\n","protected":false},"excerpt":{"rendered":"<p>Maghreb Steel a mis en \u0153uvre un Syst\u00e8me de Management Int\u00e9gr\u00e9 (QSE), mettant la Qualit\u00e9, la S\u00e9curit\u00e9 et [&hellip;]<\/p>\n","protected":false},"author":1,"featured_media":451,"parent":163,"menu_order":30,"comment_status":"closed","ping_status":"closed","template":"","meta":{"inline_featured_image":false},"acf":[],"_links":{"self":[{"href":"https:\/\/www.dfa.ma\/msteel\/wp-json\/wp\/v2\/pages\/450"}],"collection":[{"href":"https:\/\/www.dfa.ma\/msteel\/wp-json\/wp\/v2\/pages"}],"about":[{"href":"https:\/\/www.dfa.ma\/msteel\/wp-json\/wp\/v2\/types\/page"}],"author":[{"embeddable":true,"href":"https:\/\/www.dfa.ma\/msteel\/wp-json\/wp\/v2\/users\/1"}],"replies":[{"embeddable":true,"href":"https:\/\/www.dfa.ma\/msteel\/wp-json\/wp\/v2\/comments?post=450"}],"version-history":[{"count":3,"href":"https:\/\/www.dfa.ma\/msteel\/wp-json\/wp\/v2\/pages\/450\/revisions"}],"predecessor-version":[{"id":754,"href":"https:\/\/www.dfa.ma\/msteel\/wp-json\/wp\/v2\/pages\/450\/revisions\/754"}],"up":[{"embeddable":true,"href":"https:\/\/www.dfa.ma\/msteel\/wp-json\/wp\/v2\/pages\/163"}],"wp:featuredmedia":[{"embeddable":true,"href":"https:\/\/www.dfa.ma\/msteel\/wp-json\/wp\/v2\/media\/451"}],"wp:attachment":[{"href":"https:\/\/www.dfa.ma\/msteel\/wp-json\/wp\/v2\/media?parent=450"}],"curies":[{"name":"wp","href":"https:\/\/api.w.org\/{rel}","templated":true}]}}