{"id":454,"date":"2023-02-01T22:40:16","date_gmt":"2023-02-01T21:40:16","guid":{"rendered":"https:\/\/www.dfa.ma\/msteel\/?page_id=454"},"modified":"2023-02-23T13:04:40","modified_gmt":"2023-02-23T12:04:40","slug":"acier-lamine-a-froid","status":"publish","type":"page","link":"https:\/\/www.dfa.ma\/msteel\/nos-produits\/aciers\/acier-lamine-a-froid\/","title":{"rendered":"Acier Lamin\u00e9 \u00e0 Froid"},"content":{"rendered":"\n<p>Maghreb Steel propose plusieurs nuances d\u2019acier lamin\u00e9 \u00e0 froid pour formage et emboutissage.<\/p>\n\n\n\n<p>Ces aciers poss\u00e8dent des propri\u00e9t\u00e9s uniques qui permettent une excellente soudabilit\u00e9 et un formage allant&nbsp;du simple profilage \u00e0 l\u2019emboutissage profond. On les retrouve, notamment, dans l\u2019industrie (automobile, boilers, f\u00fbts), dans les tubes (petits tubes soud\u00e9s pour biens d\u2019\u00e9quipement l\u00e9gers et b\u00e2timent de second \u0153uvre, petits tubes soud\u00e9s pour mat\u00e9riel roulant\u2026) et dans la construction m\u00e9canique (mat\u00e9riel de travaux public, mat\u00e9riel agricole\u2026).<\/p>\n\n\n\n<p>Les produits lamin\u00e9s \u00e0 froid&nbsp;de Maghreb Steel peuvent \u00eatre livr\u00e9s&nbsp;:<\/p>\n\n\n\n<div class=\"wp-block-columns ms-listbox is-layout-flex wp-container-5\">\n<div class=\"wp-block-column is-layout-flow\">\n<p>Skin pass\u00e9s ou non<\/p>\n<\/div>\n\n\n\n<div class=\"wp-block-column is-layout-flow\">\n<p>Huil\u00e9s ou non huil\u00e9s<\/p>\n<\/div>\n\n\n\n<div class=\"wp-block-column is-layout-flow\">\n<p>En bobine, en feuille ou en bande<\/p>\n<\/div>\n\n\n\n<div class=\"wp-block-column is-layout-flow\">\n<p>Avec rives brutes ou cisaill\u00e9s<\/p>\n<\/div>\n<\/div>\n\n\n\n<p>Nous accordons une importance particuli\u00e8re aux besoins sp\u00e9cifiques de nos clients. N\u2019h\u00e9sitez pas \u00e0 nous contacter ou \u00e0 consulter la fiche technique.<\/p>\n","protected":false},"excerpt":{"rendered":"<p>Maghreb Steel propose plusieurs nuances d\u2019acier lamin\u00e9 \u00e0 froid pour formage et emboutissage. Ces aciers poss\u00e8dent des propri\u00e9t\u00e9s [&hellip;]<\/p>\n","protected":false},"author":1,"featured_media":461,"parent":309,"menu_order":30,"comment_status":"closed","ping_status":"closed","template":"","meta":{"inline_featured_image":false},"acf":[],"_links":{"self":[{"href":"https:\/\/www.dfa.ma\/msteel\/wp-json\/wp\/v2\/pages\/454"}],"collection":[{"href":"https:\/\/www.dfa.ma\/msteel\/wp-json\/wp\/v2\/pages"}],"about":[{"href":"https:\/\/www.dfa.ma\/msteel\/wp-json\/wp\/v2\/types\/page"}],"author":[{"embeddable":true,"href":"https:\/\/www.dfa.ma\/msteel\/wp-json\/wp\/v2\/users\/1"}],"replies":[{"embeddable":true,"href":"https:\/\/www.dfa.ma\/msteel\/wp-json\/wp\/v2\/comments?post=454"}],"version-history":[{"count":9,"href":"https:\/\/www.dfa.ma\/msteel\/wp-json\/wp\/v2\/pages\/454\/revisions"}],"predecessor-version":[{"id":767,"href":"https:\/\/www.dfa.ma\/msteel\/wp-json\/wp\/v2\/pages\/454\/revisions\/767"}],"up":[{"embeddable":true,"href":"https:\/\/www.dfa.ma\/msteel\/wp-json\/wp\/v2\/pages\/309"}],"wp:featuredmedia":[{"embeddable":true,"href":"https:\/\/www.dfa.ma\/msteel\/wp-json\/wp\/v2\/media\/461"}],"wp:attachment":[{"href":"https:\/\/www.dfa.ma\/msteel\/wp-json\/wp\/v2\/media?parent=454"}],"curies":[{"name":"wp","href":"https:\/\/api.w.org\/{rel}","templated":true}]}}