{"id":464,"date":"2023-02-01T23:13:09","date_gmt":"2023-02-01T22:13:09","guid":{"rendered":"https:\/\/www.dfa.ma\/msteel\/?page_id=464"},"modified":"2023-02-08T18:29:44","modified_gmt":"2023-02-08T17:29:44","slug":"acier-galvanise","status":"publish","type":"page","link":"https:\/\/www.dfa.ma\/msteel\/nos-produits\/aciers\/acier-galvanise\/","title":{"rendered":"Acier Galvanis\u00e9"},"content":{"rendered":"\n<p>Les aciers galvanis\u00e9s au tremp\u00e9 de Maghreb Steel sont produits sur des lignes de fabrication continues. Le proc\u00e9d\u00e9 de rev\u00eatement m\u00e9tallique est disponible pour une tr\u00e8s large gamme de qualit\u00e9s d\u2019aciers et permet de d\u00e9poser des \u00e9paisseurs de zinc qui peuvent atteindre 450 g\/m\u00b2 sur le total des deux faces.<\/p>\n\n\n\n<p>Ces aciers pr\u00e9sentent une excellente r\u00e9sistance \u00e0 la corrosion ainsi qu\u2019une tr\u00e8s bonne aptitude \u00e0 la mise en forme. Ils sont utilis\u00e9s, notamment, dans le b\u00e2timent (acier&nbsp;de construction : enveloppes de b\u00e2timent, goutti\u00e8res, portes, volets roulants, panneaux et cloisons, linteaux, sous-plafond\u2026) et dans le petit \u00e9lectrom\u00e9nager (acier pour formage \u00e0 froid et emboutissage&nbsp;: cuisson, lavage, froid\u2026).<\/p>\n\n\n\n<p>Les produits galvanis\u00e9s peuvent \u00eatre livr\u00e9s :<\/p>\n\n\n\n<div class=\"wp-block-columns ms-listbox is-layout-flex wp-container-5\">\n<div class=\"wp-block-column is-layout-flow\">\n<p>En bobine, en feuille ou en bande<\/p>\n<\/div>\n\n\n\n<div class=\"wp-block-column is-layout-flow\">\n<p>Huil\u00e9s ou non huil\u00e9s<\/p>\n<\/div>\n\n\n\n<div class=\"wp-block-column is-layout-flow\">\n<p>Avec ou sans film de protection<\/p>\n<\/div>\n\n\n\n<div class=\"wp-block-column is-layout-flow\">\n<p>Avec ou sans passivation<\/p>\n<\/div>\n<\/div>\n\n\n\n<p>Nous sommes attentifs aux exigences \u00e9lev\u00e9es de nos clients et \u0153uvrons au quotidien \u00e0 l\u2019am\u00e9lioration de la qualit\u00e9 de nos produits et au d\u00e9veloppement de nouveaux produits.<\/p>\n","protected":false},"excerpt":{"rendered":"<p>Les aciers galvanis\u00e9s au tremp\u00e9 de Maghreb Steel sont produits sur des lignes de fabrication continues. Le proc\u00e9d\u00e9 [&hellip;]<\/p>\n","protected":false},"author":1,"featured_media":466,"parent":309,"menu_order":40,"comment_status":"closed","ping_status":"closed","template":"page-produit.php","meta":{"inline_featured_image":false},"acf":[],"_links":{"self":[{"href":"https:\/\/www.dfa.ma\/msteel\/wp-json\/wp\/v2\/pages\/464"}],"collection":[{"href":"https:\/\/www.dfa.ma\/msteel\/wp-json\/wp\/v2\/pages"}],"about":[{"href":"https:\/\/www.dfa.ma\/msteel\/wp-json\/wp\/v2\/types\/page"}],"author":[{"embeddable":true,"href":"https:\/\/www.dfa.ma\/msteel\/wp-json\/wp\/v2\/users\/1"}],"replies":[{"embeddable":true,"href":"https:\/\/www.dfa.ma\/msteel\/wp-json\/wp\/v2\/comments?post=464"}],"version-history":[{"count":6,"href":"https:\/\/www.dfa.ma\/msteel\/wp-json\/wp\/v2\/pages\/464\/revisions"}],"predecessor-version":[{"id":619,"href":"https:\/\/www.dfa.ma\/msteel\/wp-json\/wp\/v2\/pages\/464\/revisions\/619"}],"up":[{"embeddable":true,"href":"https:\/\/www.dfa.ma\/msteel\/wp-json\/wp\/v2\/pages\/309"}],"wp:featuredmedia":[{"embeddable":true,"href":"https:\/\/www.dfa.ma\/msteel\/wp-json\/wp\/v2\/media\/466"}],"wp:attachment":[{"href":"https:\/\/www.dfa.ma\/msteel\/wp-json\/wp\/v2\/media?parent=464"}],"curies":[{"name":"wp","href":"https:\/\/api.w.org\/{rel}","templated":true}]}}