{"id":470,"date":"2023-02-01T23:49:41","date_gmt":"2023-02-01T22:49:41","guid":{"rendered":"https:\/\/www.dfa.ma\/msteel\/?page_id=470"},"modified":"2023-02-23T14:25:16","modified_gmt":"2023-02-23T13:25:16","slug":"acier-prelaque","status":"publish","type":"page","link":"https:\/\/www.dfa.ma\/msteel\/nos-produits\/aciers\/acier-prelaque\/","title":{"rendered":"Acier pr\u00e9laqu\u00e9"},"content":{"rendered":"\n<p>Les aciers pr\u00e9laqu\u00e9s fabriqu\u00e9s et commercialis\u00e9s par Maghreb Steel sont soumis \u00e0&nbsp;un processus de production minutieux&nbsp;: rev\u00eatement \u00e0 chaud d\u2019une couche de zinc, pr\u00e9paration de surface, d\u00e9p\u00f4t de mati\u00e8res organiques liquides puis passage dans un four pour cuisson.<\/p>\n\n\n\n<p>Chaque rev\u00eatement organique est adapt\u00e9 \u00e0 un environnement particulier et donne un aspect esth\u00e9tique \u00e0 la t\u00f4le, tout en apportant une protection compl\u00e9mentaire contre la corrosion. Le choix du syst\u00e8me de peinture d\u00e9pend des conditions dans lesquelles le produit est amen\u00e9 \u00e0 \u00eatre utilis\u00e9 et des propri\u00e9t\u00e9s techniques requises qui en d\u00e9coulent.&nbsp;Les produits pr\u00e9laqu\u00e9s pour applications ext\u00e9rieures de Maghreb Steel&nbsp;sont disponibles dans une riche vari\u00e9t\u00e9 de couleurs et d\u2019aspects de surface, chacun d\u2019entre eux poss\u00e9dant ses propri\u00e9t\u00e9s et applications sp\u00e9cifiques.<\/p>\n\n\n\n<p>Les aciers pr\u00e9laqu\u00e9s sont&nbsp;utilis\u00e9s dans plusieurs secteurs&nbsp;: le b\u00e2timent et la construction (profil\u00e9s de bardage, couverture, cloisons, toitures\u2026), l\u2019industrie g\u00e9n\u00e9rale (faux plafonds, luminaires, mobilier m\u00e9tallique, habillage de chauffage et climatisation\u2026), l\u2019\u00e9lectrom\u00e9nager (r\u00e9frig\u00e9rateurs, machines \u00e0 laver, fours \u00e0 micro-ondes\u2026)\u2026<\/p>\n\n\n\n<p>Nos produits pr\u00e9laqu\u00e9s peuvent \u00eatre livr\u00e9s&nbsp;:<\/p>\n\n\n\n<div class=\"wp-block-columns ms-listbox is-layout-flex wp-container-4\">\n<div class=\"wp-block-column is-layout-flow\">\n<p>Lisses ou textur\u00e9s<\/p>\n<\/div>\n\n\n\n<div class=\"wp-block-column is-layout-flow\">\n<p>Avec ou sans film de protection<\/p>\n<\/div>\n\n\n\n<div class=\"wp-block-column is-layout-flow\">\n<p>En bobine, en feuille ou en bande<\/p>\n<\/div>\n<\/div>\n\n\n\n<p>Les aciers pr\u00e9laqu\u00e9s de Maghreb Steel sont conformes aux exigences de la norme EN 10169.<\/p>\n","protected":false},"excerpt":{"rendered":"<p>Les aciers pr\u00e9laqu\u00e9s fabriqu\u00e9s et commercialis\u00e9s par Maghreb Steel sont soumis \u00e0&nbsp;un processus de production minutieux&nbsp;: rev\u00eatement \u00e0 [&hellip;]<\/p>\n","protected":false},"author":1,"featured_media":474,"parent":309,"menu_order":50,"comment_status":"closed","ping_status":"closed","template":"","meta":{"inline_featured_image":false},"acf":[],"_links":{"self":[{"href":"https:\/\/www.dfa.ma\/msteel\/wp-json\/wp\/v2\/pages\/470"}],"collection":[{"href":"https:\/\/www.dfa.ma\/msteel\/wp-json\/wp\/v2\/pages"}],"about":[{"href":"https:\/\/www.dfa.ma\/msteel\/wp-json\/wp\/v2\/types\/page"}],"author":[{"embeddable":true,"href":"https:\/\/www.dfa.ma\/msteel\/wp-json\/wp\/v2\/users\/1"}],"replies":[{"embeddable":true,"href":"https:\/\/www.dfa.ma\/msteel\/wp-json\/wp\/v2\/comments?post=470"}],"version-history":[{"count":5,"href":"https:\/\/www.dfa.ma\/msteel\/wp-json\/wp\/v2\/pages\/470\/revisions"}],"predecessor-version":[{"id":769,"href":"https:\/\/www.dfa.ma\/msteel\/wp-json\/wp\/v2\/pages\/470\/revisions\/769"}],"up":[{"embeddable":true,"href":"https:\/\/www.dfa.ma\/msteel\/wp-json\/wp\/v2\/pages\/309"}],"wp:featuredmedia":[{"embeddable":true,"href":"https:\/\/www.dfa.ma\/msteel\/wp-json\/wp\/v2\/media\/474"}],"wp:attachment":[{"href":"https:\/\/www.dfa.ma\/msteel\/wp-json\/wp\/v2\/media?parent=470"}],"curies":[{"name":"wp","href":"https:\/\/api.w.org\/{rel}","templated":true}]}}