{"id":499,"date":"2023-02-02T10:41:01","date_gmt":"2023-02-02T09:41:01","guid":{"rendered":"https:\/\/www.dfa.ma\/msteel\/?page_id=499"},"modified":"2023-02-06T12:53:24","modified_gmt":"2023-02-06T11:53:24","slug":"nous-contacter","status":"publish","type":"page","link":"https:\/\/www.dfa.ma\/msteel\/nous-contacter\/","title":{"rendered":"Nous contacter"},"content":{"rendered":"\n<div class=\"forminator-guttenberg\"><div class=\"forminator-ui forminator-custom-form forminator-custom-form-507 forminator-design--flat  forminator_ajax\" data-forminator-render=\"0\" data-form=\"forminator-module-507\" data-uid=\"69f2fa83b9299\"><br\/><\/div><form\n\t\t\t\tid=\"forminator-module-507\"\n\t\t\t\tclass=\"forminator-ui forminator-custom-form forminator-custom-form-507 forminator-design--flat  forminator_ajax\"\n\t\t\t\tmethod=\"post\"\n\t\t\t\tdata-forminator-render=\"0\"\n\t\t\t\tdata-form-id=\"507\"\n\t\t\t\t\n\t\t\t\tdata-design=\"flat\"\n\t\t\t\t\n\t\t\t\t\n\t\t\t\t\n\t\t\t\tdata-grid=\"open\"\n\t\t\t\t\n\t\t\t\t\n\t\t\t\tstyle=\"display: none;\"\n\t\t\t\t\n\t\t\t\tdata-uid=\"69f2fa83b9299\"\n\t\t\t><div role=\"alert\" aria-live=\"polite\" class=\"forminator-response-message forminator-error\" aria-hidden=\"true\"><\/div><div class=\"forminator-row\"><div id=\"text-1\" class=\"forminator-col forminator-col-6 \"><div class=\"forminator-field\"><label for=\"forminator-field-text-1_69f2fa83b9299\" class=\"forminator-label\" id=\"forminator-field-text-1_69f2fa83b9299-label\">Nom et pr\u00e9nom <span class=\"forminator-required\">*<\/span><\/label><input type=\"text\" name=\"text-1\" value=\"\" placeholder=\"Votre nom complet\" id=\"forminator-field-text-1_69f2fa83b9299\" class=\"forminator-input forminator-name--field\" data-required=\"1\" \/><\/div><\/div><div id=\"email-1\" class=\"forminator-col forminator-col-6 \"><div class=\"forminator-field\"><label for=\"forminator-field-email-1_69f2fa83b9299\" class=\"forminator-label\" id=\"forminator-field-email-1_69f2fa83b9299-label\">Adresse de messagerie <span class=\"forminator-required\">*<\/span><\/label><input type=\"email\" name=\"email-1\" value=\"\" placeholder=\"votre adresse e-mail\" id=\"forminator-field-email-1_69f2fa83b9299\" class=\"forminator-input forminator-email--field\" data-required=\"1\" aria-required=\"true\" \/><\/div><\/div><\/div><div class=\"forminator-row\"><div id=\"phone-1\" class=\"forminator-col forminator-col-6 \"><div class=\"forminator-field\"><label for=\"forminator-field-phone-1_69f2fa83b9299\" class=\"forminator-label\" id=\"forminator-field-phone-1_69f2fa83b9299-label\">T\u00e9l\u00e9phone<\/label><input type=\"text\" name=\"phone-1\" value=\"\" placeholder=\"Votre num\u00e9ro de t\u00e9l\u00e9phone\" id=\"forminator-field-phone-1_69f2fa83b9299\" class=\"forminator-input forminator-field--phone\" data-required=\"\" aria-required=\"false\" autocomplete=\"off\" \/><\/div><\/div><div id=\"text-2\" class=\"forminator-col forminator-col-6 \"><div class=\"forminator-field\"><label for=\"forminator-field-text-2_69f2fa83b9299\" class=\"forminator-label\" id=\"forminator-field-text-2_69f2fa83b9299-label\">Entreprise <span class=\"forminator-required\">*<\/span><\/label><input type=\"text\" name=\"text-2\" value=\"\" placeholder=\"Votre raison sociale\" id=\"forminator-field-text-2_69f2fa83b9299\" class=\"forminator-input forminator-name--field\" data-required=\"1\" \/><\/div><\/div><\/div><div class=\"forminator-row\"><div id=\"select-1\" class=\"forminator-col forminator-col-6 \"><div class=\"forminator-field\"><label for=\"forminator-form-507__field--select-1_69f2fa83b9299\" id=\"forminator-form-507__field--select-1_69f2fa83b9299-label\" class=\"forminator-label\">D\u00e9partement<\/label><select id=\"forminator-form-507__field--select-1_69f2fa83b9299\" class=\"forminator-select--field forminator-select2\" data-required=\"\" name=\"select-1\" data-default-value=\"\" data-placeholder=\"D\u00e9partement \u00e0 contacter\" data-search=\"false\" aria-labelledby=\"forminator-form-507__field--select-1_69f2fa83b9299-label\" aria-describedby=\"forminator-form-507__field--select-1_69f2fa83b9299-description\"><option value=\"\">D\u00e9partement \u00e0 contacter<\/option><option value=\"one\"  data-calculation=\"0\">Direction G\u00e9n\u00e9rale<\/option><option value=\"two\"  data-calculation=\"0\">Direction commerciale Export<\/option><option value=\"Direction-commerciale-Local\"  data-calculation=\"0\">Direction commerciale Local<\/option><option value=\"Direction-RH\"  data-calculation=\"0\">Direction RH<\/option><option value=\"Direction-Achats\"  data-calculation=\"0\">Direction Achats<\/option><\/select><\/div><\/div><div id=\"text-3\" class=\"forminator-col forminator-col-6 \"><div class=\"forminator-field\"><label for=\"forminator-field-text-3_69f2fa83b9299\" class=\"forminator-label\" id=\"forminator-field-text-3_69f2fa83b9299-label\">Objet<\/label><input type=\"text\" name=\"text-3\" value=\"\" placeholder=\"\" id=\"forminator-field-text-3_69f2fa83b9299\" class=\"forminator-input forminator-name--field\" data-required=\"\" \/><\/div><\/div><\/div><div class=\"forminator-row\"><div id=\"textarea-1\" class=\"forminator-col forminator-col-12 \"><div class=\"forminator-field\"><label for=\"forminator-field-textarea-1_69f2fa83b9299\" id=\"forminator-field-textarea-1_69f2fa83b9299-label\" class=\"forminator-label\">Message<\/label><textarea name=\"textarea-1\" placeholder=\"Votre message\" id=\"forminator-field-textarea-1_69f2fa83b9299\" class=\"forminator-textarea\" rows=\"6\" style=\"min-height:140px;\" ><\/textarea><\/div><\/div><\/div><input type=\"hidden\" name=\"referer_url\" value=\"\" \/><div class=\"forminator-row forminator-row-last\"><div class=\"forminator-col\"><div class=\"forminator-field\"><button class=\"forminator-button forminator-button-submit\">Envoyer<\/button><\/div><\/div><\/div><input type=\"hidden\" id=\"forminator_nonce\" name=\"forminator_nonce\" value=\"f0a3b02e5f\" \/><input type=\"hidden\" name=\"_wp_http_referer\" value=\"\/msteel\/wp-json\/wp\/v2\/pages\/499\" \/><input type=\"hidden\" name=\"form_id\" value=\"507\"><input type=\"hidden\" name=\"page_id\" value=\"499\"><input type=\"hidden\" name=\"form_type\" value=\"default\"><input type=\"hidden\" name=\"current_url\" value=\"https:\/\/www.dfa.ma\/msteel\/nous-contacter\/\"><input type=\"hidden\" name=\"render_id\" value=\"0\"><input type=\"hidden\" name=\"action\" value=\"forminator_submit_form_custom-forms\"><\/form><\/div>\n","protected":false},"excerpt":{"rendered":"","protected":false},"author":1,"featured_media":505,"parent":0,"menu_order":0,"comment_status":"closed","ping_status":"closed","template":"page-contact.php","meta":{"inline_featured_image":false},"acf":[],"_links":{"self":[{"href":"https:\/\/www.dfa.ma\/msteel\/wp-json\/wp\/v2\/pages\/499"}],"collection":[{"href":"https:\/\/www.dfa.ma\/msteel\/wp-json\/wp\/v2\/pages"}],"about":[{"href":"https:\/\/www.dfa.ma\/msteel\/wp-json\/wp\/v2\/types\/page"}],"author":[{"embeddable":true,"href":"https:\/\/www.dfa.ma\/msteel\/wp-json\/wp\/v2\/users\/1"}],"replies":[{"embeddable":true,"href":"https:\/\/www.dfa.ma\/msteel\/wp-json\/wp\/v2\/comments?post=499"}],"version-history":[{"count":6,"href":"https:\/\/www.dfa.ma\/msteel\/wp-json\/wp\/v2\/pages\/499\/revisions"}],"predecessor-version":[{"id":521,"href":"https:\/\/www.dfa.ma\/msteel\/wp-json\/wp\/v2\/pages\/499\/revisions\/521"}],"wp:featuredmedia":[{"embeddable":true,"href":"https:\/\/www.dfa.ma\/msteel\/wp-json\/wp\/v2\/media\/505"}],"wp:attachment":[{"href":"https:\/\/www.dfa.ma\/msteel\/wp-json\/wp\/v2\/media?parent=499"}],"curies":[{"name":"wp","href":"https:\/\/api.w.org\/{rel}","templated":true}]}}