{"id":770,"date":"2023-02-23T15:11:00","date_gmt":"2023-02-23T14:11:00","guid":{"rendered":"https:\/\/www.dfa.ma\/msteel\/?page_id=770"},"modified":"2023-02-23T15:38:04","modified_gmt":"2023-02-23T14:38:04","slug":"madremax-omegamax","status":"publish","type":"page","link":"https:\/\/www.dfa.ma\/msteel\/nos-produits\/madremax-omegamax\/","title":{"rendered":"MADREMAX \/ OMEGAMAX"},"content":{"rendered":"\n<p>Grace \u00e0 la simplicit\u00e9 technique et \u00e0 la flexibilit\u00e9 d\u2019application, les solutions Madremax signifient une construction plus rapide et plus \u00e9conomiques. Les exigences de main d\u2019\u0153uvre sont moindres, La gestion du transport et du levage est plus facile et les possibilit\u00e9s infinies de couplage acc\u00e9l\u00e8rent les processus de construction<\/p>\n\n\n\n<h4 class=\"has-primary-color has-text-color wp-block-heading\"><strong>Avantages\u00a0:<\/strong><\/h4>\n\n\n\n<div class=\"wp-block-columns ms-listbox is-layout-flex wp-container-4\">\n<div class=\"wp-block-column is-layout-flow\">\n<p>Solution finale plus \u00e9conomique<\/p>\n<\/div>\n\n\n\n<div class=\"wp-block-column is-layout-flow\">\n<p>R\u00e9duction du poids total de la structure<\/p>\n<\/div>\n\n\n\n<div class=\"wp-block-column is-layout-flow\">\n<p>Flexibilit\u00e9 des solutions<\/p>\n<\/div>\n<\/div>\n\n\n\n<div class=\"wp-block-columns ms-listbox is-layout-flex wp-container-8\">\n<div class=\"wp-block-column is-layout-flow\">\n<p>Installation simple et intuitive<\/p>\n<\/div>\n\n\n\n<div class=\"wp-block-column is-layout-flow\">\n<p>Optimisation du volume de transport<\/p>\n<\/div>\n\n\n\n<div class=\"wp-block-column is-layout-flow\">\n<p>Support technique<\/p>\n<\/div>\n<\/div>\n\n\n\n<h4 class=\"has-primary-color has-text-color wp-block-heading\">Caract\u00e9ristiques\u00a0:<\/h4>\n\n\n\n<div class=\"wp-block-columns ms-listbox is-layout-flex wp-container-11\">\n<div class=\"wp-block-column is-layout-flow\">\n<p>Epaisseurs d\u2019acier disponibles\u00a0: 1.0 mm\u00a0; 1.5 mm\u00a0; 2.5 mm\u00a0; 3.0 mm<\/p>\n<\/div>\n\n\n\n<div class=\"wp-block-column is-layout-flow\">\n<p>El\u00e9ment structurel en acier S350GD<\/p>\n<\/div>\n<\/div>\n\n\n\n<div class=\"wp-block-columns ms-listbox is-layout-flex wp-container-15\">\n<div class=\"wp-block-column is-layout-flow\">\n<p>Rev\u00eatement de zinc ( Z275) ou zinc-magn\u00e9sium ( ZM310)<\/p>\n<\/div>\n\n\n\n<div class=\"wp-block-column is-layout-flow\">\n<p>Espacement de per\u00e7age en multiples de 50 mm<\/p>\n<\/div>\n\n\n\n<div class=\"wp-block-column is-layout-flow\">\n<p>Application dans les structures en acier, en b\u00e9ton et en bois<\/p>\n<\/div>\n<\/div>\n\n\n\n<div class=\"wp-block-columns ms-listbox is-layout-flex wp-container-18\">\n<div class=\"wp-block-column is-layout-flow\">\n<p>Possibilit\u00e9 de trav\u00e9es sup\u00e9rieures \u00e0 18 m\u00e8tres<\/p>\n<\/div>\n\n\n\n<div class=\"wp-block-column is-layout-flow\">\n<p>Chevauchement par couplage successif des \u00e9l\u00e9ments<\/p>\n<\/div>\n<\/div>\n","protected":false},"excerpt":{"rendered":"<p>Grace \u00e0 la simplicit\u00e9 technique et \u00e0 la flexibilit\u00e9 d\u2019application, les solutions Madremax signifient une construction plus rapide [&hellip;]<\/p>\n","protected":false},"author":1,"featured_media":779,"parent":302,"menu_order":30,"comment_status":"closed","ping_status":"closed","template":"","meta":{"inline_featured_image":false},"acf":[],"_links":{"self":[{"href":"https:\/\/www.dfa.ma\/msteel\/wp-json\/wp\/v2\/pages\/770"}],"collection":[{"href":"https:\/\/www.dfa.ma\/msteel\/wp-json\/wp\/v2\/pages"}],"about":[{"href":"https:\/\/www.dfa.ma\/msteel\/wp-json\/wp\/v2\/types\/page"}],"author":[{"embeddable":true,"href":"https:\/\/www.dfa.ma\/msteel\/wp-json\/wp\/v2\/users\/1"}],"replies":[{"embeddable":true,"href":"https:\/\/www.dfa.ma\/msteel\/wp-json\/wp\/v2\/comments?post=770"}],"version-history":[{"count":10,"href":"https:\/\/www.dfa.ma\/msteel\/wp-json\/wp\/v2\/pages\/770\/revisions"}],"predecessor-version":[{"id":783,"href":"https:\/\/www.dfa.ma\/msteel\/wp-json\/wp\/v2\/pages\/770\/revisions\/783"}],"up":[{"embeddable":true,"href":"https:\/\/www.dfa.ma\/msteel\/wp-json\/wp\/v2\/pages\/302"}],"wp:featuredmedia":[{"embeddable":true,"href":"https:\/\/www.dfa.ma\/msteel\/wp-json\/wp\/v2\/media\/779"}],"wp:attachment":[{"href":"https:\/\/www.dfa.ma\/msteel\/wp-json\/wp\/v2\/media?parent=770"}],"curies":[{"name":"wp","href":"https:\/\/api.w.org\/{rel}","templated":true}]}}