{"id":81,"date":"2023-01-24T11:21:17","date_gmt":"2023-01-24T10:21:17","guid":{"rendered":"https:\/\/www.dfa.ma\/msteel\/?page_id=81"},"modified":"2023-10-09T12:08:44","modified_gmt":"2023-10-09T11:08:44","slug":"gouvernance","status":"publish","type":"page","link":"https:\/\/www.dfa.ma\/msteel\/qui-nous-sommes\/gouvernance\/","title":{"rendered":"Gouvernance"},"content":{"rendered":"\n<h4 class=\"wp-block-heading\">La gouvernance est assur\u00e9e par un Conseil d\u2019Administration, un Directeur G\u00e9n\u00e9ral assist\u00e9 d\u2019un Directeur G\u00e9n\u00e9ral D\u00e9l\u00e9gu\u00e9 et des Directeurs.<\/h4>\n\n\n\n<p><\/p>\n","protected":false},"excerpt":{"rendered":"<p>La gouvernance est assur\u00e9e par un Conseil d\u2019Administration, un Directeur G\u00e9n\u00e9ral assist\u00e9 d\u2019un Directeur G\u00e9n\u00e9ral D\u00e9l\u00e9gu\u00e9 et des [&hellip;]<\/p>\n","protected":false},"author":1,"featured_media":419,"parent":137,"menu_order":0,"comment_status":"closed","ping_status":"closed","template":"page-gouvernance.php","meta":{"inline_featured_image":false},"acf":[],"_links":{"self":[{"href":"https:\/\/www.dfa.ma\/msteel\/wp-json\/wp\/v2\/pages\/81"}],"collection":[{"href":"https:\/\/www.dfa.ma\/msteel\/wp-json\/wp\/v2\/pages"}],"about":[{"href":"https:\/\/www.dfa.ma\/msteel\/wp-json\/wp\/v2\/types\/page"}],"author":[{"embeddable":true,"href":"https:\/\/www.dfa.ma\/msteel\/wp-json\/wp\/v2\/users\/1"}],"replies":[{"embeddable":true,"href":"https:\/\/www.dfa.ma\/msteel\/wp-json\/wp\/v2\/comments?post=81"}],"version-history":[{"count":37,"href":"https:\/\/www.dfa.ma\/msteel\/wp-json\/wp\/v2\/pages\/81\/revisions"}],"predecessor-version":[{"id":956,"href":"https:\/\/www.dfa.ma\/msteel\/wp-json\/wp\/v2\/pages\/81\/revisions\/956"}],"up":[{"embeddable":true,"href":"https:\/\/www.dfa.ma\/msteel\/wp-json\/wp\/v2\/pages\/137"}],"wp:featuredmedia":[{"embeddable":true,"href":"https:\/\/www.dfa.ma\/msteel\/wp-json\/wp\/v2\/media\/419"}],"wp:attachment":[{"href":"https:\/\/www.dfa.ma\/msteel\/wp-json\/wp\/v2\/media?parent=81"}],"curies":[{"name":"wp","href":"https:\/\/api.w.org\/{rel}","templated":true}]}}