{"id":831,"date":"2023-04-11T15:15:06","date_gmt":"2023-04-11T15:15:06","guid":{"rendered":"https:\/\/www.dfa.ma\/msteel\/?page_id=831"},"modified":"2023-04-11T15:53:34","modified_gmt":"2023-04-11T15:53:34","slug":"ligne-de-decapage","status":"publish","type":"page","link":"https:\/\/www.dfa.ma\/msteel\/nos-usines\/complexe-de-laminage-a-froid\/ligne-de-decapage\/","title":{"rendered":"Ligne de d\u00e9capage"},"content":{"rendered":"\n<p>Le d\u00e9capage&nbsp;est un traitement chimique de la t\u00f4le qui consiste \u00e0 enlever la couche superficielle d\u2019oxyde (calamine) g\u00e9n\u00e9r\u00e9e lors du laminage \u00e0 chaud.<\/p>\n\n\n\n<div class=\"wp-block-aab-accordion-block aab__accordion_container  active__accordion_container_c398de3b\" style=\"border:0px none undefined;margin-top:0px;margin-bottom:15px;border-radius:0px\"><div class=\"aab__accordion_head aab_right_icon\" data-active=\"true\" style=\"color:#333333;background-color:transparent;padding:15px 15px 15px 15px\"><div class=\"aab__accordion_heading aab_right_icon\"><h4 class=\"aab__accordion_title\" style=\"margin:0;color:#333333\"><strong>Applications<\/strong><\/h4><\/div><div class=\"aab__accordion_icon\" style=\"color:#333333;background-color:transparent\"><span class=\"aab__icon dashicons dashicons-arrow-up-alt2\"><\/span><\/div><\/div><div class=\"aab__accordion_body aab__accordion_body--show active__accordion_c398de3b\" role=\"region\" style=\"background-color:transparent;border-top:0px none undefined;padding:15px 15px 15px 15px\">\n<p>Pr\u00e9paration de la t\u00f4le pour le laminage \u00e0 froid.<\/p>\n<\/div><\/div>\n\n\n\n<div class=\"wp-block-aab-accordion-block aab__accordion_container  active__accordion_container_2dbc9eae\" style=\"border:0px none undefined;margin-top:15px;margin-bottom:15px;border-radius:0px\"><div class=\"aab__accordion_head aab_right_icon\" data-active=\"true\" style=\"color:#333333;background-color:transparent;padding:15px 15px 15px 15px\"><div class=\"aab__accordion_heading aab_right_icon\"><h4 class=\"aab__accordion_title\" style=\"margin:0;color:#333333\"><strong>Capacit\u00e9 et caract\u00e9ristiques techniques\u00a0<\/strong><\/h4><\/div><div class=\"aab__accordion_icon\" style=\"color:#333333;background-color:transparent\"><span class=\"aab__icon dashicons dashicons-arrow-up-alt2\"><\/span><\/div><\/div><div class=\"aab__accordion_body aab__accordion_body--show active__accordion_2dbc9eae\" role=\"region\" style=\"background-color:transparent;border-top:0px none undefined;padding:15px 15px 15px 15px\">\n<div class=\"wp-block-columns ms-listbox is-layout-flex wp-container-4\">\n<div class=\"wp-block-column is-layout-flow\">\n<p class=\"has-secondary-color has-text-color\"><strong>Production annuelle<\/strong><\/p>\n\n\n\n<p>400 000 tonnes<\/p>\n<\/div>\n\n\n\n<div class=\"wp-block-column is-layout-flow\">\n<p class=\"has-secondary-color has-text-color\"><strong>\u00c9paisseur<\/strong><\/p>\n\n\n\n<p>1.00 \u00e0 5.20 mm<\/p>\n<\/div>\n\n\n\n<div class=\"wp-block-column is-layout-flow\">\n<p class=\"has-secondary-color has-text-color\"><strong>Largeur<\/strong><\/p>\n\n\n\n<p>600 \u00e0 1500 mm<\/p>\n<\/div>\n<\/div>\n\n\n\n<div class=\"wp-block-columns ms-listbox is-layout-flex wp-container-7\">\n<div class=\"wp-block-column is-layout-flow\">\n<p class=\"has-secondary-color has-text-color\"><strong>Diam\u00e8tre int\u00e9rieur<\/strong><\/p>\n\n\n\n<p>610 mm<\/p>\n<\/div>\n\n\n\n<div class=\"wp-block-column is-layout-flow\">\n<p class=\"has-secondary-color has-text-color\"><strong>Poids bobine max<\/strong><\/p>\n\n\n\n<p>25 tonnes<\/p>\n<\/div>\n<\/div>\n<\/div><\/div>\n","protected":false},"excerpt":{"rendered":"<p>Le d\u00e9capage&nbsp;est un traitement chimique de la t\u00f4le qui consiste \u00e0 enlever la couche superficielle d\u2019oxyde (calamine) g\u00e9n\u00e9r\u00e9e [&hellip;]<\/p>\n","protected":false},"author":1,"featured_media":850,"parent":374,"menu_order":0,"comment_status":"closed","ping_status":"closed","template":"","meta":{"inline_featured_image":false},"acf":[],"_links":{"self":[{"href":"https:\/\/www.dfa.ma\/msteel\/wp-json\/wp\/v2\/pages\/831"}],"collection":[{"href":"https:\/\/www.dfa.ma\/msteel\/wp-json\/wp\/v2\/pages"}],"about":[{"href":"https:\/\/www.dfa.ma\/msteel\/wp-json\/wp\/v2\/types\/page"}],"author":[{"embeddable":true,"href":"https:\/\/www.dfa.ma\/msteel\/wp-json\/wp\/v2\/users\/1"}],"replies":[{"embeddable":true,"href":"https:\/\/www.dfa.ma\/msteel\/wp-json\/wp\/v2\/comments?post=831"}],"version-history":[{"count":2,"href":"https:\/\/www.dfa.ma\/msteel\/wp-json\/wp\/v2\/pages\/831\/revisions"}],"predecessor-version":[{"id":877,"href":"https:\/\/www.dfa.ma\/msteel\/wp-json\/wp\/v2\/pages\/831\/revisions\/877"}],"up":[{"embeddable":true,"href":"https:\/\/www.dfa.ma\/msteel\/wp-json\/wp\/v2\/pages\/374"}],"wp:featuredmedia":[{"embeddable":true,"href":"https:\/\/www.dfa.ma\/msteel\/wp-json\/wp\/v2\/media\/850"}],"wp:attachment":[{"href":"https:\/\/www.dfa.ma\/msteel\/wp-json\/wp\/v2\/media?parent=831"}],"curies":[{"name":"wp","href":"https:\/\/api.w.org\/{rel}","templated":true}]}}