{"id":851,"date":"2023-04-11T15:34:37","date_gmt":"2023-04-11T15:34:37","guid":{"rendered":"https:\/\/www.dfa.ma\/msteel\/?page_id=851"},"modified":"2023-04-11T15:53:31","modified_gmt":"2023-04-11T15:53:31","slug":"laminoir-a-froid","status":"publish","type":"page","link":"https:\/\/www.dfa.ma\/msteel\/nos-usines\/complexe-de-laminage-a-froid\/laminoir-a-froid\/","title":{"rendered":"Laminoir \u00e0 froid"},"content":{"rendered":"\n<p>Maghreb Steel dispose de deux laminoirs \u00ab&nbsp;Quarto&nbsp;\u00bb&nbsp;r\u00e9versibles identiques et combin\u00e9s (laminage et skin pass).<\/p>\n\n\n\n<p>Le laminage \u00e0 froid se fait en plusieurs passages et consiste \u00e0 r\u00e9duire, par \u00e9crasement, l\u2019\u00e9paisseur d\u2019une bande lamin\u00e9e \u00e0 chaud pr\u00e9alablement d\u00e9cap\u00e9e.<\/p>\n\n\n\n<div class=\"wp-block-aab-accordion-block aab__accordion_container  active__accordion_container_fc95b370\" style=\"border:0px none undefined;margin-top:0px;margin-bottom:15px;border-radius:0px\"><div class=\"aab__accordion_head aab_right_icon\" data-active=\"true\" style=\"color:#333333;background-color:transparent;padding:15px 15px 15px 15px\"><div class=\"aab__accordion_heading aab_right_icon\"><h4 class=\"aab__accordion_title\" style=\"margin:0;color:#333333\">Applications<\/h4><\/div><div class=\"aab__accordion_icon\" style=\"color:#333333;background-color:transparent\"><span class=\"aab__icon dashicons dashicons-arrow-up-alt2\"><\/span><\/div><\/div><div class=\"aab__accordion_body aab__accordion_body--show active__accordion_fc95b370\" role=\"region\" style=\"background-color:transparent;border-top:0px none undefined;padding:15px 15px 15px 15px\">\n<p>Industrie automobile, \u00e9lectrom\u00e9nager, mobilier m\u00e9tallique, fabrication de f\u00fbts, appareils de chauffage et de ventilation, tubes et profil\u00e9s \u00e9troits\u2026<\/p>\n<\/div><\/div>\n\n\n\n<div class=\"wp-block-aab-accordion-block aab__accordion_container  active__accordion_container_869eed5e\" style=\"border:0px none undefined;margin-top:15px;margin-bottom:15px;border-radius:0px\"><div class=\"aab__accordion_head aab_right_icon\" data-active=\"true\" style=\"color:#333333;background-color:transparent;padding:15px 15px 15px 15px\"><div class=\"aab__accordion_heading aab_right_icon\"><h4 class=\"aab__accordion_title\" style=\"margin:0;color:#333333\">Capacit\u00e9 et caract\u00e9ristiques techniques<\/h4><\/div><div class=\"aab__accordion_icon\" style=\"color:#333333;background-color:transparent\"><span class=\"aab__icon dashicons dashicons-arrow-up-alt2\"><\/span><\/div><\/div><div class=\"aab__accordion_body aab__accordion_body--show active__accordion_869eed5e\" role=\"region\" style=\"background-color:transparent;border-top:0px none undefined;padding:15px 15px 15px 15px\">\n<div class=\"wp-block-columns ms-listbox is-layout-flex wp-container-4\">\n<div class=\"wp-block-column is-layout-flow\">\n<p class=\"has-secondary-color has-text-color\"><strong>Production annuelle<\/strong><\/p>\n\n\n\n<p>300 000 tonnes pour chaque laminoir<\/p>\n<\/div>\n\n\n\n<div class=\"wp-block-column is-layout-flow\">\n<p class=\"has-secondary-color has-text-color\"><strong>Largeur bobine<\/strong><\/p>\n\n\n\n<p>600 \u00e0 1300 mm<\/p>\n<\/div>\n\n\n\n<div class=\"wp-block-column is-layout-flow\">\n<p class=\"has-secondary-color has-text-color\"><strong>\u00c9paisseur bobine<\/strong><\/p>\n\n\n\n<p>0.18 \u00e0 2.2 mm<\/p>\n<\/div>\n<\/div>\n\n\n\n<div class=\"wp-block-columns ms-listbox is-layout-flex wp-container-7\">\n<div class=\"wp-block-column is-layout-flow\">\n<p class=\"has-secondary-color has-text-color\"><strong>Diam\u00e8tre int\u00e9rieur<\/strong><\/p>\n\n\n\n<p>508 et 610 mm<\/p>\n<\/div>\n\n\n\n<div class=\"wp-block-column is-layout-flow\">\n<p class=\"has-secondary-color has-text-color\"><strong>Poids bobine max<\/strong><\/p>\n\n\n\n<p>25 tonnes<\/p>\n<\/div>\n<\/div>\n<\/div><\/div>\n","protected":false},"excerpt":{"rendered":"<p>Maghreb Steel dispose de deux laminoirs \u00ab&nbsp;Quarto&nbsp;\u00bb&nbsp;r\u00e9versibles identiques et combin\u00e9s (laminage et skin pass). Le laminage \u00e0 froid [&hellip;]<\/p>\n","protected":false},"author":1,"featured_media":461,"parent":374,"menu_order":0,"comment_status":"closed","ping_status":"closed","template":"","meta":{"inline_featured_image":false},"acf":[],"_links":{"self":[{"href":"https:\/\/www.dfa.ma\/msteel\/wp-json\/wp\/v2\/pages\/851"}],"collection":[{"href":"https:\/\/www.dfa.ma\/msteel\/wp-json\/wp\/v2\/pages"}],"about":[{"href":"https:\/\/www.dfa.ma\/msteel\/wp-json\/wp\/v2\/types\/page"}],"author":[{"embeddable":true,"href":"https:\/\/www.dfa.ma\/msteel\/wp-json\/wp\/v2\/users\/1"}],"replies":[{"embeddable":true,"href":"https:\/\/www.dfa.ma\/msteel\/wp-json\/wp\/v2\/comments?post=851"}],"version-history":[{"count":3,"href":"https:\/\/www.dfa.ma\/msteel\/wp-json\/wp\/v2\/pages\/851\/revisions"}],"predecessor-version":[{"id":876,"href":"https:\/\/www.dfa.ma\/msteel\/wp-json\/wp\/v2\/pages\/851\/revisions\/876"}],"up":[{"embeddable":true,"href":"https:\/\/www.dfa.ma\/msteel\/wp-json\/wp\/v2\/pages\/374"}],"wp:featuredmedia":[{"embeddable":true,"href":"https:\/\/www.dfa.ma\/msteel\/wp-json\/wp\/v2\/media\/461"}],"wp:attachment":[{"href":"https:\/\/www.dfa.ma\/msteel\/wp-json\/wp\/v2\/media?parent=851"}],"curies":[{"name":"wp","href":"https:\/\/api.w.org\/{rel}","templated":true}]}}