{"id":859,"date":"2023-04-11T15:43:43","date_gmt":"2023-04-11T15:43:43","guid":{"rendered":"https:\/\/www.dfa.ma\/msteel\/?page_id=859"},"modified":"2023-04-11T15:45:36","modified_gmt":"2023-04-11T15:45:36","slug":"ligne-de-prelaquage","status":"publish","type":"page","link":"https:\/\/www.dfa.ma\/msteel\/nos-usines\/complexe-de-laminage-a-froid\/ligne-de-prelaquage\/","title":{"rendered":"Ligne de pr\u00e9laquage"},"content":{"rendered":"\n<p>Le pr\u00e9laquage est un traitement de surface en continu par application d\u2019une ou deux couches de rev\u00eatement organique sur chaque face de la t\u00f4le galvanis\u00e9e. La t\u00f4le pr\u00e9laqu\u00e9e peut ainsi \u00eatre profil\u00e9e, pli\u00e9e et emboutie sans porter atteinte \u00e0 la qualit\u00e9 du rev\u00eatement, qui pr\u00e9sente une adh\u00e9rence totale et irr\u00e9versible au m\u00e9tal support. Les peintures liquides utilis\u00e9es par Maghreb Steel sont de type Polyester, Polyur\u00e9thane, PVDF, Plastisol\u2026 en fonction de la destination du produit fini.<\/p>\n\n\n\n<div class=\"wp-block-aab-accordion-block aab__accordion_container  active__accordion_container_6b60fbd1\" style=\"border:0px none undefined;margin-top:0px;margin-bottom:15px;border-radius:0px\"><div class=\"aab__accordion_head aab_right_icon\" data-active=\"true\" style=\"color:#333333;background-color:transparent;padding:15px 15px 15px 15px\"><div class=\"aab__accordion_heading aab_right_icon\"><h4 class=\"aab__accordion_title\" style=\"margin:0;color:#333333\">Applications<\/h4><\/div><div class=\"aab__accordion_icon\" style=\"color:#333333;background-color:transparent\"><span class=\"aab__icon dashicons dashicons-arrow-up-alt2\"><\/span><\/div><\/div><div class=\"aab__accordion_body aab__accordion_body--show active__accordion_6b60fbd1\" role=\"region\" style=\"background-color:transparent;border-top:0px none undefined;padding:15px 15px 15px 15px\">\n<p>B\u00e2timent et construction\u00a0(profil\u00e9s de bardage, couverture, cloison,\u00a0toiture, tuile\u2026), industrie g\u00e9n\u00e9rale (faux plafonds, luminaires, mobilier m\u00e9tallique, habillage des appareils de chauffage et climatisation\u2026), petit et gros \u00e9lectrom\u00e9nager\u2026<\/p>\n<\/div><\/div>\n\n\n\n<div class=\"wp-block-aab-accordion-block aab__accordion_container  active__accordion_container_95a31301\" style=\"border:0px none undefined;margin-top:15px;margin-bottom:15px;border-radius:0px\"><div class=\"aab__accordion_head aab_right_icon\" data-active=\"true\" style=\"color:#333333;background-color:transparent;padding:15px 15px 15px 15px\"><div class=\"aab__accordion_heading aab_right_icon\"><h4 class=\"aab__accordion_title\" style=\"margin:0;color:#333333\">Capacit\u00e9 et caract\u00e9ristiques techniques<\/h4><\/div><div class=\"aab__accordion_icon\" style=\"color:#333333;background-color:transparent\"><span class=\"aab__icon dashicons dashicons-arrow-up-alt2\"><\/span><\/div><\/div><div class=\"aab__accordion_body aab__accordion_body--show active__accordion_95a31301\" role=\"region\" style=\"background-color:transparent;border-top:0px none undefined;padding:15px 15px 15px 15px\">\n<div class=\"wp-block-columns ms-listbox is-layout-flex wp-container-4\">\n<div class=\"wp-block-column is-layout-flow\">\n<p class=\"has-secondary-color has-text-color\"><strong>Production annuelle<\/strong><\/p>\n\n\n\n<p>100 000 tonnes<\/p>\n<\/div>\n\n\n\n<div class=\"wp-block-column is-layout-flow\">\n<p class=\"has-secondary-color has-text-color\"><strong>Largueur bobine<\/strong><\/p>\n\n\n\n<p>1000 \u00e0 1250 mm<\/p>\n<\/div>\n\n\n\n<div class=\"wp-block-column is-layout-flow\">\n<p class=\"has-secondary-color has-text-color\"><strong>\u00c9paisseur bobine<\/strong><\/p>\n\n\n\n<p>0.20 \u00e0 1.5 mm<\/p>\n<\/div>\n<\/div>\n\n\n\n<div class=\"wp-block-columns ms-listbox is-layout-flex wp-container-7\">\n<div class=\"wp-block-column is-layout-flow\">\n<p class=\"has-secondary-color has-text-color\"><strong>Diam\u00e8tre int\u00e9rieur<\/strong><\/p>\n\n\n\n<p>508 \u2013 610 mm<\/p>\n<\/div>\n\n\n\n<div class=\"wp-block-column is-layout-flow\">\n<p class=\"has-secondary-color has-text-color\"><strong>Poids bobine max<\/strong><\/p>\n\n\n\n<p>13 tonnes<\/p>\n<\/div>\n<\/div>\n<\/div><\/div>\n","protected":false},"excerpt":{"rendered":"<p>Le pr\u00e9laquage est un traitement de surface en continu par application d\u2019une ou deux couches de rev\u00eatement organique [&hellip;]<\/p>\n","protected":false},"author":1,"featured_media":474,"parent":374,"menu_order":0,"comment_status":"closed","ping_status":"closed","template":"","meta":{"inline_featured_image":false},"acf":[],"_links":{"self":[{"href":"https:\/\/www.dfa.ma\/msteel\/wp-json\/wp\/v2\/pages\/859"}],"collection":[{"href":"https:\/\/www.dfa.ma\/msteel\/wp-json\/wp\/v2\/pages"}],"about":[{"href":"https:\/\/www.dfa.ma\/msteel\/wp-json\/wp\/v2\/types\/page"}],"author":[{"embeddable":true,"href":"https:\/\/www.dfa.ma\/msteel\/wp-json\/wp\/v2\/users\/1"}],"replies":[{"embeddable":true,"href":"https:\/\/www.dfa.ma\/msteel\/wp-json\/wp\/v2\/comments?post=859"}],"version-history":[{"count":2,"href":"https:\/\/www.dfa.ma\/msteel\/wp-json\/wp\/v2\/pages\/859\/revisions"}],"predecessor-version":[{"id":862,"href":"https:\/\/www.dfa.ma\/msteel\/wp-json\/wp\/v2\/pages\/859\/revisions\/862"}],"up":[{"embeddable":true,"href":"https:\/\/www.dfa.ma\/msteel\/wp-json\/wp\/v2\/pages\/374"}],"wp:featuredmedia":[{"embeddable":true,"href":"https:\/\/www.dfa.ma\/msteel\/wp-json\/wp\/v2\/media\/474"}],"wp:attachment":[{"href":"https:\/\/www.dfa.ma\/msteel\/wp-json\/wp\/v2\/media?parent=859"}],"curies":[{"name":"wp","href":"https:\/\/api.w.org\/{rel}","templated":true}]}}