{"id":863,"date":"2023-04-11T15:46:04","date_gmt":"2023-04-11T15:46:04","guid":{"rendered":"https:\/\/www.dfa.ma\/msteel\/?page_id=863"},"modified":"2023-04-11T15:50:33","modified_gmt":"2023-04-11T15:50:33","slug":"ligne-de-panneaux-sandwichs","status":"publish","type":"page","link":"https:\/\/www.dfa.ma\/msteel\/nos-usines\/complexe-de-laminage-a-froid\/ligne-de-panneaux-sandwichs\/","title":{"rendered":"Ligne de Panneaux sandwichs"},"content":{"rendered":"\n<p>La ligne de panneaux sandwichs de Maghreb Steel est une ligne de derni\u00e8re g\u00e9n\u00e9ration qui permet une grande pr\u00e9cision dans la fabrication de panneaux sandwichs en continu par application d\u2019une \u00e2me isolante en mousse polyur\u00e9thane dure\u00a0entre\u00a0deux parements en t\u00f4le d\u2019acier galvanis\u00e9 et\u00a0pr\u00e9laqu\u00e9.<\/p>\n\n\n\n<div class=\"wp-block-aab-accordion-block aab__accordion_container  active__accordion_container_774fcbf7\" style=\"border:0px none undefined;margin-top:0px;margin-bottom:15px;border-radius:0px\"><div class=\"aab__accordion_head aab_right_icon\" data-active=\"true\" style=\"color:#333333;background-color:transparent;padding:15px 15px 15px 15px\"><div class=\"aab__accordion_heading aab_right_icon\"><h4 class=\"aab__accordion_title\" style=\"margin:0;color:#333333\">Applications<\/h4><\/div><div class=\"aab__accordion_icon\" style=\"color:#333333;background-color:transparent\"><span class=\"aab__icon dashicons dashicons-arrow-up-alt2\"><\/span><\/div><\/div><div class=\"aab__accordion_body aab__accordion_body--show active__accordion_774fcbf7\" role=\"region\" style=\"background-color:transparent;border-top:0px none undefined;padding:15px 15px 15px 15px\">\n<p>Tous types de constructions (constructions industrielles, habitat individuel urbain ou rural, dortoirs et r\u00e9fectoires, hangars, chambres froides, b\u00e2timents commerciaux, grandes surfaces, halls d\u2019exposition, fa\u00e7ades, couvertures ext\u00e9rieures et int\u00e9rieures\u2026)<\/p>\n<\/div><\/div>\n\n\n\n<div class=\"wp-block-aab-accordion-block aab__accordion_container  active__accordion_container_6c9b414a\" style=\"border:0px none undefined;margin-top:15px;margin-bottom:15px;border-radius:0px\"><div class=\"aab__accordion_head aab_right_icon\" data-active=\"true\" style=\"color:#333333;background-color:transparent;padding:15px 15px 15px 15px\"><div class=\"aab__accordion_heading aab_right_icon\"><h4 class=\"aab__accordion_title\" style=\"margin:0;color:#333333\">Capacit\u00e9 et caract\u00e9ristiques techniques<\/h4><\/div><div class=\"aab__accordion_icon\" style=\"color:#333333;background-color:transparent\"><span class=\"aab__icon dashicons dashicons-arrow-up-alt2\"><\/span><\/div><\/div><div class=\"aab__accordion_body aab__accordion_body--show active__accordion_6c9b414a\" role=\"region\" style=\"background-color:transparent;border-top:0px none undefined;padding:15px 15px 15px 15px\">\n<div class=\"wp-block-columns ms-listbox is-layout-flex wp-container-4\">\n<div class=\"wp-block-column is-layout-flow\">\n<p class=\"has-secondary-color has-text-color\"><strong>Production annuelle<\/strong><\/p>\n\n\n\n<p>2.000.000 m2<\/p>\n<\/div>\n\n\n\n<div class=\"wp-block-column is-layout-flow\">\n<p class=\"has-secondary-color has-text-color\"><strong>Longueur max<\/strong><\/p>\n\n\n\n<p>14 m\u00e8tres<\/p>\n<\/div>\n\n\n\n<div class=\"wp-block-column is-layout-flow\">\n<p class=\"has-secondary-color has-text-color\"><strong>Textures<\/strong><\/p>\n\n\n\n<p>Nervur\u00e9, micro-nervur\u00e9, lisse<\/p>\n<\/div>\n<\/div>\n\n\n\n<div class=\"wp-block-columns ms-listbox is-layout-flex wp-container-8\">\n<div class=\"wp-block-column is-layout-flow\">\n<p class=\"has-secondary-color has-text-color\"><strong>\u00c9paisseur panneaux<\/strong><\/p>\n\n\n\n<p>30 \u2013 200 mm<\/p>\n<\/div>\n\n\n\n<div class=\"wp-block-column is-layout-flow\">\n<p class=\"has-secondary-color has-text-color\"><strong>\u00c9paisseur t\u00f4les d\u2019acier<\/strong><\/p>\n\n\n\n<p>0,3 \u2013 0,5 mm<\/p>\n<\/div>\n\n\n\n<div class=\"wp-block-column is-layout-flow\">\n<p class=\"has-secondary-color has-text-color\"><strong>Coefficient thermique<\/strong><\/p>\n\n\n\n<p>0,27 \u2013 0,57 kcal\/m2 hc<\/p>\n<\/div>\n<\/div>\n<\/div><\/div>\n","protected":false},"excerpt":{"rendered":"<p>La ligne de panneaux sandwichs de Maghreb Steel est une ligne de derni\u00e8re g\u00e9n\u00e9ration qui permet une grande [&hellip;]<\/p>\n","protected":false},"author":1,"featured_media":869,"parent":374,"menu_order":0,"comment_status":"closed","ping_status":"closed","template":"","meta":{"inline_featured_image":false},"acf":[],"_links":{"self":[{"href":"https:\/\/www.dfa.ma\/msteel\/wp-json\/wp\/v2\/pages\/863"}],"collection":[{"href":"https:\/\/www.dfa.ma\/msteel\/wp-json\/wp\/v2\/pages"}],"about":[{"href":"https:\/\/www.dfa.ma\/msteel\/wp-json\/wp\/v2\/types\/page"}],"author":[{"embeddable":true,"href":"https:\/\/www.dfa.ma\/msteel\/wp-json\/wp\/v2\/users\/1"}],"replies":[{"embeddable":true,"href":"https:\/\/www.dfa.ma\/msteel\/wp-json\/wp\/v2\/comments?post=863"}],"version-history":[{"count":3,"href":"https:\/\/www.dfa.ma\/msteel\/wp-json\/wp\/v2\/pages\/863\/revisions"}],"predecessor-version":[{"id":868,"href":"https:\/\/www.dfa.ma\/msteel\/wp-json\/wp\/v2\/pages\/863\/revisions\/868"}],"up":[{"embeddable":true,"href":"https:\/\/www.dfa.ma\/msteel\/wp-json\/wp\/v2\/pages\/374"}],"wp:featuredmedia":[{"embeddable":true,"href":"https:\/\/www.dfa.ma\/msteel\/wp-json\/wp\/v2\/media\/869"}],"wp:attachment":[{"href":"https:\/\/www.dfa.ma\/msteel\/wp-json\/wp\/v2\/media?parent=863"}],"curies":[{"name":"wp","href":"https:\/\/api.w.org\/{rel}","templated":true}]}}